{"id":70,"date":"2023-01-17T16:47:47","date_gmt":"2023-01-17T15:47:47","guid":{"rendered":"http:\/\/iypxhnp.cluster029.hosting.ovh.net\/?page_id=70"},"modified":"2023-01-26T16:07:26","modified_gmt":"2023-01-26T15:07:26","slug":"note-aux-contributeurs","status":"publish","type":"page","link":"https:\/\/www.r2ie.org\/index.php\/note-aux-contributeurs\/","title":{"rendered":"Note aux contributeurs"},"content":{"rendered":"\t\t<div data-elementor-type=\"wp-page\" data-elementor-id=\"70\" class=\"elementor elementor-70\">\n\t\t\t\t\t\t\t\t\t<section class=\"elementor-section elementor-top-section elementor-element elementor-element-1982f53 elementor-section-boxed elementor-section-height-default elementor-section-height-default\" data-id=\"1982f53\" data-element_type=\"section\">\n\t\t\t\t\t\t<div class=\"elementor-container elementor-column-gap-default\">\n\t\t\t\t\t<div class=\"elementor-column elementor-col-100 elementor-top-column elementor-element elementor-element-a33ef21\" data-id=\"a33ef21\" data-element_type=\"column\">\n\t\t\t<div class=\"elementor-widget-wrap elementor-element-populated\">\n\t\t\t\t\t\t\t\t<div class=\"elementor-element elementor-element-ebdec9f elementor-widget elementor-widget-heading\" data-id=\"ebdec9f\" data-element_type=\"widget\" data-widget_type=\"heading.default\">\n\t\t\t\t<div class=\"elementor-widget-container\">\n\t\t\t<style>\/*! elementor - v3.10.0 - 09-01-2023 *\/\n.elementor-heading-title{padding:0;margin:0;line-height:1}.elementor-widget-heading .elementor-heading-title[class*=elementor-size-]>a{color:inherit;font-size:inherit;line-height:inherit}.elementor-widget-heading .elementor-heading-title.elementor-size-small{font-size:15px}.elementor-widget-heading .elementor-heading-title.elementor-size-medium{font-size:19px}.elementor-widget-heading .elementor-heading-title.elementor-size-large{font-size:29px}.elementor-widget-heading .elementor-heading-title.elementor-size-xl{font-size:39px}.elementor-widget-heading .elementor-heading-title.elementor-size-xxl{font-size:59px}<\/style><h1 class=\"elementor-heading-title elementor-size-large\">Note aux contributeurs<\/h1>\t\t<\/div>\n\t\t\t\t<\/div>\n\t\t\t\t<div class=\"elementor-element elementor-element-2516cff elementor-widget elementor-widget-text-editor\" data-id=\"2516cff\" data-element_type=\"widget\" data-widget_type=\"text-editor.default\">\n\t\t\t\t<div class=\"elementor-widget-container\">\n\t\t\t<style>\/*! elementor - v3.10.0 - 09-01-2023 *\/\n.elementor-widget-text-editor.elementor-drop-cap-view-stacked .elementor-drop-cap{background-color:#818a91;color:#fff}.elementor-widget-text-editor.elementor-drop-cap-view-framed .elementor-drop-cap{color:#818a91;border:3px solid;background-color:transparent}.elementor-widget-text-editor:not(.elementor-drop-cap-view-default) .elementor-drop-cap{margin-top:8px}.elementor-widget-text-editor:not(.elementor-drop-cap-view-default) .elementor-drop-cap-letter{width:1em;height:1em}.elementor-widget-text-editor .elementor-drop-cap{float:left;text-align:center;line-height:1;font-size:50px}.elementor-widget-text-editor .elementor-drop-cap-letter{display:inline-block}<\/style>\t\t\t\t<p><b><i>Consignes pour la propositions d\u2019articles&nbsp;:<\/i><\/b><\/p>\n<p><span style=\"font-weight: 400;\">Selon les num\u00e9ros, les auteurs sont invit\u00e9s \u00e0 fournir&nbsp;:&nbsp;<\/span><\/p>\n<ul>\n<li style=\"font-weight: 400;\" aria-level=\"1\"><span style=\"font-weight: 400;\">Pour les articles en <\/span><i><span style=\"font-weight: 400;\">Varia<\/span><\/i><span style=\"font-weight: 400;\">, directement leur article&nbsp;;<\/span><\/li>\n<li style=\"font-weight: 400;\" aria-level=\"1\"><span style=\"font-weight: 400;\">Pour les appels th\u00e9matiques, selon les choix des coordinateurs du num\u00e9ro, soit <\/span><i><span style=\"font-weight: 400;\">un r\u00e9sum\u00e9<\/span><\/i><span style=\"font-weight: 400;\"> \u00e0 partir duquel un premier tri est fait, en fonction de la concordance avec le th\u00e8me et du caract\u00e8re prometteur du sujet, soit les articles r\u00e9dig\u00e9s.<\/span><\/li>\n<\/ul>\n<p><span style=\"font-weight: 400;\">Dans tous les cas, les articles propos\u00e9s font d\u2019abord l\u2019objet d\u2019une premi\u00e8re appr\u00e9ciation par les r\u00e9dacteurs en chefs qui estiment si, en l\u2019\u00e9tat et compte-tenu de son sujet, cet article a vocation \u00e0 \u00eatre \u00e9valu\u00e9 en vue d\u2019une publication dans la revue. Si la proposition d\u2019article ne fait pas l\u2019objet, \u00e0 ce stade, d\u2019un <\/span><i><span style=\"font-weight: 400;\">desk reject<\/span><\/i><span style=\"font-weight: 400;\">, il est soumis \u00e0 \u00e9valuation en double aveugle. \u00c0 l\u2019issue de l\u2019\u00e9valuation, l\u2019auteur est inform\u00e9 de la d\u00e9cision du comit\u00e9 de lecture. Trois hypoth\u00e8ses se pr\u00e9sentent alors&nbsp;:<\/span><\/p>\n<ul>\n<li style=\"font-weight: 400;\" aria-level=\"1\"><span style=\"font-weight: 400;\">L\u2019article est accept\u00e9 en l\u2019\u00e9tat\u2009;<\/span><\/li>\n<li style=\"font-weight: 400;\" aria-level=\"1\"><span style=\"font-weight: 400;\">L\u2019article est recevable sous r\u00e9serve de modifications apport\u00e9es par l\u2019auteur, compte tenu des recommandations \u00e9mises par les \u00e9valuateurs\u2009;<\/span><\/li>\n<li style=\"font-weight: 400;\" aria-level=\"1\"><span style=\"font-weight: 400;\">L\u2019article n\u2019est pas retenu pour publication.<\/span><\/li>\n<\/ul>\n<p><b>Sur le fond de l\u2019article<\/b><\/p><p><span style=\"background-color: transparent; color: var( --e-global-color-text ); font-family: var( --e-global-typography-text-font-family ), Sans-serif; font-weight: var( --e-global-typography-text-font-weight );\">Chaque contribution comprend une introduction, au sein de laquelle figurent la probl\u00e9matique abord\u00e9e, ainsi que l\u2019hypoth\u00e8se explor\u00e9e ou le positionnement d\u00e9fendu par l\u2019auteur.<\/span><\/p>\n<p><span style=\"font-weight: 400;\">Le corps de l\u2019article contient imp\u00e9rativement une revue de litt\u00e9rature, une justification de la m\u00e9thode ou des outils de recherche mobilis\u00e9s, et une partie empirique.<\/span><\/p>\n<p><span style=\"font-weight: 400;\">La conclusion met en exergue les principaux apports (th\u00e9oriques et\/ou pratiques) de l\u2019article.<\/span><\/p>\n<p><b>Sur la forme du texte<\/b><b><\/b><\/p>\n<p><\/p>\n<p><span style=\"font-weight: 400;\">Chaque article ne devra pas exc\u00e9der une longueur de 40 000 caract\u00e8res environ, espaces compris.<\/span><\/p>\n<p><span style=\"font-weight: 400;\">La premi\u00e8re page contient imp\u00e9rativement le titre, la notice de pr\u00e9sentation de l&rsquo;auteur, et un r\u00e9sum\u00e9 de la contribution de 10 \u00e0 12 lignes.<\/span><span style=\"font-weight: 400;\">\u2028<\/span><\/p>\n<p><span style=\"font-weight: 400;\">Afin d&rsquo;assurer le r\u00e9f\u00e9rencement de chaque article dans les bases de donn\u00e9es, chaque communication devra \u00eatre imp\u00e9rativement accompagn\u00e9e d&rsquo;un r\u00e9sum\u00e9 et de mots cl\u00e9s, \u00e0 la fois en fran\u00e7ais et en anglais.&nbsp;<\/span><\/p>\n<p><span style=\"font-weight: 400;\">Feuille de style&nbsp;:<\/span><\/p>\n<ul>\n<li style=\"font-weight: 400;\" aria-level=\"1\"><span style=\"font-weight: 400;\">Format des pages 17 x 24<\/span><\/li>\n<li style=\"font-weight: 400;\" aria-level=\"1\"><span style=\"font-weight: 400;\">Marges&nbsp;: Haut, bas&nbsp;: 2,5 cm&nbsp;; Droite, Gauche&nbsp;: 2 cm<\/span><\/li>\n<li style=\"font-weight: 400;\" aria-level=\"1\"><span style=\"font-weight: 400;\">Interligne 1<\/span><\/li>\n<li style=\"font-weight: 400;\" aria-level=\"1\"><span style=\"font-weight: 400;\">Police CAMBRIA, corps de texte en taille 10<\/span><\/li>\n<li style=\"font-weight: 400;\" aria-level=\"1\"><span style=\"font-weight: 400;\">Note de bas de page CAMBRIA Taille 8<\/span><\/li>\n<li style=\"font-weight: 400;\" aria-level=\"1\"><span style=\"font-weight: 400;\">Titres de chapitre&nbsp;: majuscules, taille 20<\/span><\/li>\n<li style=\"font-weight: 400;\" aria-level=\"1\"><span style=\"font-weight: 400;\">Titres de publication (article)&nbsp;: minuscules taille 20<\/span><\/li>\n<li style=\"font-weight: 400;\" aria-level=\"1\"><span style=\"font-weight: 400;\">Noms des auteurs&nbsp;en gras,&nbsp;<\/span><\/li>\n<\/ul>\n<ul>\n<li style=\"font-weight: 400;\" aria-level=\"1\"><span style=\"font-weight: 400;\">Pr\u00e9nom&nbsp;: minuscule,&nbsp;<\/span><\/li>\n<li style=\"font-weight: 400;\" aria-level=\"1\"><span style=\"font-weight: 400;\">Nom&nbsp;: majuscule<\/span><\/li>\n<\/ul>\n<p><span style=\"font-weight: 400;\">La biographie des auteurs, lorsqu\u2019il y en a une, doit \u00eatre en italique.<\/span><\/p>\n<p><span style=\"font-weight: 400;\">Les illustrations doivent bien rendre en N&amp;B (nuance de gris), et entrer (s\u2019aligner sur le texte \u00e0 droite et \u00e0 gauche) dans 13 cm (17 cm \u2013 2 fois les marges).<\/span><\/p>\n<p><span style=\"font-weight: 400;\">Les \u00e9ventuels sch\u00e9mas ou tableaux seront ins\u00e9r\u00e9s dans le document au format image (jpeg par exemple), et sont annot\u00e9s d&rsquo;une l\u00e9gende.<\/span><\/p>\n<p><span style=\"font-weight: 400;\">Chaque article comprend imp\u00e9rativement une bibliographie. Si celle-ci est int\u00e9gr\u00e9e en fin de document, les auteurs doivent \u00eatre \u00e9galement cit\u00e9s dans le corps de l&rsquo;article de la mani\u00e8re suivante : (Auteur, ann\u00e9e). Exemple : (Carayon, 2003).&nbsp;<\/span><\/p>\n<p><span style=\"font-weight: 400;\">La bibliographie respecte la mise en forme suivante :<\/span><span style=\"font-weight: 400;\">\u2028<\/span><\/p>\n<ul>\n<li style=\"font-weight: 400;\" aria-level=\"1\"><span style=\"font-weight: 400;\">Pour les ouvrages : NOM et initiale du pr\u00e9nom de l&rsquo;auteur, Titre de l&rsquo;ouvrage, \u00e9diteur, lieu d&rsquo;\u00e9dition, date de publication<\/span><span style=\"font-weight: 400;\">\u2028<\/span><\/li>\n<li style=\"font-weight: 400;\" aria-level=\"1\"><span style=\"font-weight: 400;\">Pour les articles : NOM et initiale du pr\u00e9nom de l&rsquo;auteur, \u00ab\u00a0Titre de l&rsquo;article\u00a0\u00bb, Titre de la revue, Vol., N\u00b0, date de publication&nbsp;<\/span><\/li>\n<\/ul>\n<p><b><i>Consignes pour la proposition des articles professionnels&nbsp;:<\/i><\/b><\/p>\n<p><b>Les notes de r\u00e9flexions<\/b><span style=\"font-weight: 400;\"> peuvent \u00eatre soumises par des acad\u00e9miques aussi bien que par des professionnels. Ce sont des textes originaux (non publi\u00e9s ant\u00e9rieurement sur un blog, par exemple) qui visent \u00e0 partager des analyses, des retours d\u2019exp\u00e9rience, des r\u00e9flexions de fond\u2026 Afin d\u2019assurer \u00e0 ses lecteurs la qualit\u00e9 du propos publi\u00e9, une lecture de la note de r\u00e9flexion est faite par l\u2019\u00e9quipe de r\u00e9daction, qui peut faire des recommandations \u00e0 l\u2019auteur avant publication.&nbsp;<\/span><\/p>\n<p><span style=\"font-weight: 400;\">Les exercices d\u2019autopromotion ou de proposition de services sont syst\u00e9matiquement rejet\u00e9s&nbsp;; les textes dont le propos est sans lien avec la raison d\u2019\u00eatre d\u2019une revue acad\u00e9mique (attaques <\/span><i><span style=\"font-weight: 400;\">ad hominem<\/span><\/i><span style=\"font-weight: 400;\">, pamphlet, discours politique\u2026) le sont \u00e9galement. Les notes de r\u00e9flexion publi\u00e9es sont sign\u00e9es par leurs auteurs, qui mentionnent leur fonction et une adresse courriel pour contact. La <\/span><i><span style=\"font-weight: 400;\">R2IE <\/span><\/i><span style=\"font-weight: 400;\">accompagne la note de r\u00e9flexion de quelques lignes qui expliquent son choix de publier le texte.<\/span><\/p>\n<p><b>La pr\u00e9sentation de pratiques innovantes&nbsp;<\/b><span style=\"font-weight: 400;\">: les professionnels de l\u2019intelligence \u00e9conomique sont invit\u00e9s \u00e0 pr\u00e9senter des pratiques innovantes qu\u2019ils mettent en \u0153uvre afin d\u2019enrichir les connaissances de la communaut\u00e9 scientifique et de l\u2019inciter \u00e0 inclure ces pratiques dans ses recherches et illustrations. Les pratiques innovantes doivent \u00eatre pr\u00e9sent\u00e9es de telle mani\u00e8re que le lecteur en comprenne le fondement, les principaux caract\u00e8res innovants et les apports. Elles doivent donc adopter un style descriptif et explicatif. S\u2019il est l\u00e9gitime que l\u2019auteur de la pr\u00e9sentation en attende une reconnaissance, le texte ne peut pas \u00eatre un simple truchement de prospection commerciale.<\/span><\/p>\n<p><b><i>Consignes pour la proposition de recensions et de r\u00e9sum\u00e9s de th\u00e8se&nbsp;:<\/i><\/b><\/p>\n<p><b>Recensions d\u2019ouvrages<\/b><b><i>&nbsp;<\/i><\/b><span style=\"font-weight: 400;\">: les recensions d\u2019ouvrages nourrissent l\u2019envie de lire les publications, en signalent la parution \u00e0 la communaut\u00e9 scientifique et constituent une aide \u00e0 l\u2019entr\u00e9e dans le document. A ce titre, elles ont leur place dans la revue ou sur le site, selon l\u2019ampleur de la recension r\u00e9alis\u00e9e.&nbsp;<\/span><\/p>\n<p><span style=\"font-weight: 400;\">Les enseignants-chercheurs sont invit\u00e9s \u00e0 proposer \u00e0 la revue des recensions d\u2019ouvrages qui seront publi\u00e9es dans la revue ou sur le site, selon le cas. Ils sont aussi invit\u00e9s \u00e0 faire r\u00e9aliser des recensions d\u2019ouvrages par leurs doctorants ou \u00e9tudiants de second cycle en vue de leur publication num\u00e9rique, s\u2019agissant d\u2019un exercice utile \u00e0 tous, formateur et incitatif \u00e0 une lecture approfondie \u00e0 ce niveau de formation.&nbsp;<\/span><\/p>\n<p><span style=\"font-weight: 400;\">La <\/span><i><span style=\"font-weight: 400;\">R2IE<\/span><\/i><span style=\"font-weight: 400;\"> choisit les recensions qu\u2019elle publie. Les recensions ne peuvent exc\u00e9der quelques pages. Elles sont sign\u00e9es par leurs auteurs et, lorsqu\u2019il s\u2019agit de travaux d\u2019\u00e9tudiants, cautionn\u00e9es par l\u2019enseignant-chercheur qui les a encadr\u00e9s dans ce travail.<\/span><\/p>\n<p><b>R\u00e9sum\u00e9s de th\u00e8se<\/b><span style=\"font-weight: 400;\">&nbsp;: un r\u00e9sum\u00e9 de th\u00e8se n\u2019est pas en soi un article&nbsp;de recherche ; pour ce motif, il n\u2019entre pas dans le champ de publication r\u00e9gulier de la revue. En revanche, il est utile pour la communaut\u00e9 des chercheurs de prendre connaissance du r\u00e9sum\u00e9 d\u2019une th\u00e8se soutenue pour, selon le cas, solliciter l\u2019auteur pour une pr\u00e9sentation de son travail, savoir s\u2019il est pertinent d\u2019entrer plus compl\u00e8tement dans la th\u00e8se, int\u00e9grer les connaissances nouvelles g\u00e9n\u00e9r\u00e9es par la th\u00e8se dans ses propres travaux\u2026&nbsp;<\/span><\/p>\n<p><span style=\"font-weight: 400;\">Les docteurs sont invit\u00e9s \u00e0 adresser \u00e0 la <\/span><i><span style=\"font-weight: 400;\">R2IE<\/span><\/i><span style=\"font-weight: 400;\"> un r\u00e9sum\u00e9 de leur th\u00e8se de quelques pages en vue de publication num\u00e9rique par la revue. La revue demande au directeur de la th\u00e8se de prendre connaissance du r\u00e9sum\u00e9 et d\u2019attester qu\u2019il expose fid\u00e8lement le travail et les conclusions du travail r\u00e9alis\u00e9 par le nouveau docteur.&nbsp;<\/span><\/p>\n<p><span style=\"font-weight: 400;\">La R2IE se r\u00e9serve le droit de ne pas publier un r\u00e9sum\u00e9 de th\u00e8se qui serait surtout, \u00e0 l\u2019\u00e9vidence, un exercice d\u2019autopromotion de son auteur. C\u2019est bien l\u2019apport scientifique de la th\u00e8se qui doit \u00eatre expos\u00e9 \u00e0 la communaut\u00e9 scientifique.<\/span><\/p>\t\t\t\t\t\t<\/div>\n\t\t\t\t<\/div>\n\t\t\t\t\t<\/div>\n\t\t<\/div>\n\t\t\t\t\t\t\t<\/div>\n\t\t<\/section>\n\t\t\t\t<section class=\"elementor-section elementor-top-section elementor-element elementor-element-e1c144a elementor-section-boxed elementor-section-height-default elementor-section-height-default\" data-id=\"e1c144a\" data-element_type=\"section\">\n\t\t\t\t\t\t<div class=\"elementor-container elementor-column-gap-default\">\n\t\t\t\t\t<div class=\"elementor-column elementor-col-100 elementor-top-column elementor-element elementor-element-c4cbfd4\" data-id=\"c4cbfd4\" data-element_type=\"column\">\n\t\t\t<div class=\"elementor-widget-wrap elementor-element-populated\">\n\t\t\t\t\t\t\t\t<div class=\"elementor-element elementor-element-c4c6227 elementor-widget elementor-widget-spacer\" data-id=\"c4c6227\" data-element_type=\"widget\" data-widget_type=\"spacer.default\">\n\t\t\t\t<div class=\"elementor-widget-container\">\n\t\t\t<style>\/*! elementor - v3.10.0 - 09-01-2023 *\/\n.elementor-column .elementor-spacer-inner{height:var(--spacer-size)}.e-con{--container-widget-width:100%}.e-con-inner>.elementor-widget-spacer,.e-con>.elementor-widget-spacer{width:var(--container-widget-width,var(--spacer-size));--align-self:var(--container-widget-align-self,initial);--flex-shrink:0}.e-con-inner>.elementor-widget-spacer>.elementor-widget-container,.e-con-inner>.elementor-widget-spacer>.elementor-widget-container>.elementor-spacer,.e-con>.elementor-widget-spacer>.elementor-widget-container,.e-con>.elementor-widget-spacer>.elementor-widget-container>.elementor-spacer{height:100%}.e-con-inner>.elementor-widget-spacer>.elementor-widget-container>.elementor-spacer>.elementor-spacer-inner,.e-con>.elementor-widget-spacer>.elementor-widget-container>.elementor-spacer>.elementor-spacer-inner{height:var(--container-widget-height,var(--spacer-size))}<\/style>\t\t<div class=\"elementor-spacer\">\n\t\t\t<div class=\"elementor-spacer-inner\"><\/div>\n\t\t<\/div>\n\t\t\t\t<\/div>\n\t\t\t\t<\/div>\n\t\t\t\t\t<\/div>\n\t\t<\/div>\n\t\t\t\t\t\t\t<\/div>\n\t\t<\/section>\n\t\t\t\t\t\t\t<\/div>\n\t\t","protected":false},"excerpt":{"rendered":"<p>Note aux contributeurs Consignes pour la propositions d\u2019articles&nbsp;: Selon les num\u00e9ros, les auteurs sont invit\u00e9s \u00e0 fournir&nbsp;:&nbsp; Pour les articles en Varia, directement leur article&nbsp;; Pour les appels th\u00e9matiques, selon les choix des coordinateurs du num\u00e9ro, soit un r\u00e9sum\u00e9 \u00e0 partir duquel un premier tri est fait, en fonction de la concordance avec le th\u00e8me&#8230;<\/p>\n","protected":false},"author":2,"featured_media":0,"parent":0,"menu_order":0,"comment_status":"closed","ping_status":"closed","template":"","meta":{"_kad_post_transparent":"","_kad_post_title":"hide","_kad_post_layout":"fullwidth","_kad_post_sidebar_id":"","_kad_post_content_style":"unboxed","_kad_post_vertical_padding":"hide","_kad_post_feature":"hide","_kad_post_feature_position":"","_kad_post_header":false,"_kad_post_footer":false,"footnotes":""},"class_list":["post-70","page","type-page","status-publish","hentry"],"yoast_head":"<!-- This site is optimized with the Yoast SEO plugin v27.1.1 - https:\/\/yoast.com\/product\/yoast-seo-wordpress\/ -->\n<title>Note aux contributeurs - Revue Internationale d&#039;Intelligence Economique<\/title>\n<meta name=\"robots\" content=\"index, follow, max-snippet:-1, max-image-preview:large, max-video-preview:-1\" \/>\n<link rel=\"canonical\" href=\"https:\/\/www.r2ie.org\/index.php\/note-aux-contributeurs\/\" \/>\n<meta property=\"og:locale\" content=\"fr_FR\" \/>\n<meta property=\"og:type\" content=\"article\" \/>\n<meta property=\"og:title\" content=\"Note aux contributeurs - Revue Internationale d&#039;Intelligence Economique\" \/>\n<meta property=\"og:description\" content=\"Note aux contributeurs Consignes pour la propositions d\u2019articles&nbsp;: Selon les num\u00e9ros, les auteurs sont invit\u00e9s \u00e0 fournir&nbsp;:&nbsp; Pour les articles en Varia, directement leur article&nbsp;; Pour les appels th\u00e9matiques, selon les choix des coordinateurs du num\u00e9ro, soit un r\u00e9sum\u00e9 \u00e0 partir duquel un premier tri est fait, en fonction de la concordance avec le th\u00e8me...\" \/>\n<meta property=\"og:url\" content=\"https:\/\/www.r2ie.org\/index.php\/note-aux-contributeurs\/\" \/>\n<meta property=\"og:site_name\" content=\"Revue Internationale d&#039;Intelligence Economique\" \/>\n<meta property=\"article:modified_time\" content=\"2023-01-26T15:07:26+00:00\" \/>\n<meta name=\"twitter:card\" content=\"summary_large_image\" \/>\n<meta name=\"twitter:label1\" content=\"Dur\u00e9e de lecture estim\u00e9e\" \/>\n\t<meta name=\"twitter:data1\" content=\"6 minutes\" \/>\n<script type=\"application\/ld+json\" class=\"yoast-schema-graph\">{\"@context\":\"https:\/\/schema.org\",\"@graph\":[{\"@type\":\"WebPage\",\"@id\":\"https:\/\/www.r2ie.org\/index.php\/note-aux-contributeurs\/\",\"url\":\"https:\/\/www.r2ie.org\/index.php\/note-aux-contributeurs\/\",\"name\":\"Note aux contributeurs - Revue Internationale d&#039;Intelligence Economique\",\"isPartOf\":{\"@id\":\"https:\/\/www.r2ie.org\/#website\"},\"datePublished\":\"2023-01-17T15:47:47+00:00\",\"dateModified\":\"2023-01-26T15:07:26+00:00\",\"breadcrumb\":{\"@id\":\"https:\/\/www.r2ie.org\/index.php\/note-aux-contributeurs\/#breadcrumb\"},\"inLanguage\":\"fr-FR\",\"potentialAction\":[{\"@type\":\"ReadAction\",\"target\":[\"https:\/\/www.r2ie.org\/index.php\/note-aux-contributeurs\/\"]}]},{\"@type\":\"BreadcrumbList\",\"@id\":\"https:\/\/www.r2ie.org\/index.php\/note-aux-contributeurs\/#breadcrumb\",\"itemListElement\":[{\"@type\":\"ListItem\",\"position\":1,\"name\":\"Accueil\",\"item\":\"https:\/\/www.r2ie.org\/\"},{\"@type\":\"ListItem\",\"position\":2,\"name\":\"Note aux contributeurs\"}]},{\"@type\":\"WebSite\",\"@id\":\"https:\/\/www.r2ie.org\/#website\",\"url\":\"https:\/\/www.r2ie.org\/\",\"name\":\"Revue Internationale d&#039;Intelligence Economique\",\"description\":\"\",\"publisher\":{\"@id\":\"https:\/\/www.r2ie.org\/#organization\"},\"potentialAction\":[{\"@type\":\"SearchAction\",\"target\":{\"@type\":\"EntryPoint\",\"urlTemplate\":\"https:\/\/www.r2ie.org\/?s={search_term_string}\"},\"query-input\":{\"@type\":\"PropertyValueSpecification\",\"valueRequired\":true,\"valueName\":\"search_term_string\"}}],\"inLanguage\":\"fr-FR\"},{\"@type\":\"Organization\",\"@id\":\"https:\/\/www.r2ie.org\/#organization\",\"name\":\"Revue Internationale d&#039;Intelligence Economique\",\"url\":\"https:\/\/www.r2ie.org\/\",\"logo\":{\"@type\":\"ImageObject\",\"inLanguage\":\"fr-FR\",\"@id\":\"https:\/\/www.r2ie.org\/#\/schema\/logo\/image\/\",\"url\":\"https:\/\/www.r2ie.org\/wp-content\/uploads\/2023\/01\/cropped-cropped-logo-r2ie-dc3a9gradc3a9.webp\",\"contentUrl\":\"https:\/\/www.r2ie.org\/wp-content\/uploads\/2023\/01\/cropped-cropped-logo-r2ie-dc3a9gradc3a9.webp\",\"width\":654,\"height\":251,\"caption\":\"Revue Internationale d&#039;Intelligence Economique\"},\"image\":{\"@id\":\"https:\/\/www.r2ie.org\/#\/schema\/logo\/image\/\"}}]}<\/script>\n<!-- \/ Yoast SEO plugin. -->","yoast_head_json":{"title":"Note aux contributeurs - Revue Internationale d&#039;Intelligence Economique","robots":{"index":"index","follow":"follow","max-snippet":"max-snippet:-1","max-image-preview":"max-image-preview:large","max-video-preview":"max-video-preview:-1"},"canonical":"https:\/\/www.r2ie.org\/index.php\/note-aux-contributeurs\/","og_locale":"fr_FR","og_type":"article","og_title":"Note aux contributeurs - Revue Internationale d&#039;Intelligence Economique","og_description":"Note aux contributeurs Consignes pour la propositions d\u2019articles&nbsp;: Selon les num\u00e9ros, les auteurs sont invit\u00e9s \u00e0 fournir&nbsp;:&nbsp; Pour les articles en Varia, directement leur article&nbsp;; Pour les appels th\u00e9matiques, selon les choix des coordinateurs du num\u00e9ro, soit un r\u00e9sum\u00e9 \u00e0 partir duquel un premier tri est fait, en fonction de la concordance avec le th\u00e8me...","og_url":"https:\/\/www.r2ie.org\/index.php\/note-aux-contributeurs\/","og_site_name":"Revue Internationale d&#039;Intelligence Economique","article_modified_time":"2023-01-26T15:07:26+00:00","twitter_card":"summary_large_image","twitter_misc":{"Dur\u00e9e de lecture estim\u00e9e":"6 minutes"},"schema":{"@context":"https:\/\/schema.org","@graph":[{"@type":"WebPage","@id":"https:\/\/www.r2ie.org\/index.php\/note-aux-contributeurs\/","url":"https:\/\/www.r2ie.org\/index.php\/note-aux-contributeurs\/","name":"Note aux contributeurs - Revue Internationale d&#039;Intelligence Economique","isPartOf":{"@id":"https:\/\/www.r2ie.org\/#website"},"datePublished":"2023-01-17T15:47:47+00:00","dateModified":"2023-01-26T15:07:26+00:00","breadcrumb":{"@id":"https:\/\/www.r2ie.org\/index.php\/note-aux-contributeurs\/#breadcrumb"},"inLanguage":"fr-FR","potentialAction":[{"@type":"ReadAction","target":["https:\/\/www.r2ie.org\/index.php\/note-aux-contributeurs\/"]}]},{"@type":"BreadcrumbList","@id":"https:\/\/www.r2ie.org\/index.php\/note-aux-contributeurs\/#breadcrumb","itemListElement":[{"@type":"ListItem","position":1,"name":"Accueil","item":"https:\/\/www.r2ie.org\/"},{"@type":"ListItem","position":2,"name":"Note aux contributeurs"}]},{"@type":"WebSite","@id":"https:\/\/www.r2ie.org\/#website","url":"https:\/\/www.r2ie.org\/","name":"Revue Internationale d&#039;Intelligence Economique","description":"","publisher":{"@id":"https:\/\/www.r2ie.org\/#organization"},"potentialAction":[{"@type":"SearchAction","target":{"@type":"EntryPoint","urlTemplate":"https:\/\/www.r2ie.org\/?s={search_term_string}"},"query-input":{"@type":"PropertyValueSpecification","valueRequired":true,"valueName":"search_term_string"}}],"inLanguage":"fr-FR"},{"@type":"Organization","@id":"https:\/\/www.r2ie.org\/#organization","name":"Revue Internationale d&#039;Intelligence Economique","url":"https:\/\/www.r2ie.org\/","logo":{"@type":"ImageObject","inLanguage":"fr-FR","@id":"https:\/\/www.r2ie.org\/#\/schema\/logo\/image\/","url":"https:\/\/www.r2ie.org\/wp-content\/uploads\/2023\/01\/cropped-cropped-logo-r2ie-dc3a9gradc3a9.webp","contentUrl":"https:\/\/www.r2ie.org\/wp-content\/uploads\/2023\/01\/cropped-cropped-logo-r2ie-dc3a9gradc3a9.webp","width":654,"height":251,"caption":"Revue Internationale d&#039;Intelligence Economique"},"image":{"@id":"https:\/\/www.r2ie.org\/#\/schema\/logo\/image\/"}}]}},"_links":{"self":[{"href":"https:\/\/www.r2ie.org\/index.php\/wp-json\/wp\/v2\/pages\/70","targetHints":{"allow":["GET"]}}],"collection":[{"href":"https:\/\/www.r2ie.org\/index.php\/wp-json\/wp\/v2\/pages"}],"about":[{"href":"https:\/\/www.r2ie.org\/index.php\/wp-json\/wp\/v2\/types\/page"}],"author":[{"embeddable":true,"href":"https:\/\/www.r2ie.org\/index.php\/wp-json\/wp\/v2\/users\/2"}],"replies":[{"embeddable":true,"href":"https:\/\/www.r2ie.org\/index.php\/wp-json\/wp\/v2\/comments?post=70"}],"version-history":[{"count":22,"href":"https:\/\/www.r2ie.org\/index.php\/wp-json\/wp\/v2\/pages\/70\/revisions"}],"predecessor-version":[{"id":2484,"href":"https:\/\/www.r2ie.org\/index.php\/wp-json\/wp\/v2\/pages\/70\/revisions\/2484"}],"wp:attachment":[{"href":"https:\/\/www.r2ie.org\/index.php\/wp-json\/wp\/v2\/media?parent=70"}],"curies":[{"name":"wp","href":"https:\/\/api.w.org\/{rel}","templated":true}]}}