{"id":55,"date":"2023-01-17T16:38:45","date_gmt":"2023-01-17T15:38:45","guid":{"rendered":"http:\/\/iypxhnp.cluster029.hosting.ovh.net\/?page_id=55"},"modified":"2023-01-25T13:06:25","modified_gmt":"2023-01-25T12:06:25","slug":"actualites-de-lie","status":"publish","type":"page","link":"https:\/\/www.r2ie.org\/index.php\/actualites-de-lie\/","title":{"rendered":"Actualit\u00e9s de l&rsquo;IE"},"content":{"rendered":"\t\t<div data-elementor-type=\"wp-page\" data-elementor-id=\"55\" class=\"elementor elementor-55\">\n\t\t\t\t\t\t\t\t\t<section class=\"elementor-section elementor-top-section elementor-element elementor-element-84a7500 elementor-section-boxed elementor-section-height-default elementor-section-height-default\" data-id=\"84a7500\" data-element_type=\"section\">\n\t\t\t\t\t\t<div class=\"elementor-container elementor-column-gap-default\">\n\t\t\t\t\t<div class=\"elementor-column elementor-col-100 elementor-top-column elementor-element elementor-element-e2597d4\" data-id=\"e2597d4\" data-element_type=\"column\">\n\t\t\t<div class=\"elementor-widget-wrap elementor-element-populated\">\n\t\t\t\t\t\t\t\t<div class=\"elementor-element elementor-element-1f59594 elementor-widget elementor-widget-heading\" data-id=\"1f59594\" data-element_type=\"widget\" data-widget_type=\"heading.default\">\n\t\t\t\t<div class=\"elementor-widget-container\">\n\t\t\t<style>\/*! elementor - v3.10.0 - 09-01-2023 *\/\n.elementor-heading-title{padding:0;margin:0;line-height:1}.elementor-widget-heading .elementor-heading-title[class*=elementor-size-]>a{color:inherit;font-size:inherit;line-height:inherit}.elementor-widget-heading .elementor-heading-title.elementor-size-small{font-size:15px}.elementor-widget-heading .elementor-heading-title.elementor-size-medium{font-size:19px}.elementor-widget-heading .elementor-heading-title.elementor-size-large{font-size:29px}.elementor-widget-heading .elementor-heading-title.elementor-size-xl{font-size:39px}.elementor-widget-heading .elementor-heading-title.elementor-size-xxl{font-size:59px}<\/style><h1 class=\"elementor-heading-title elementor-size-large\">Actualit\u00e9 de l'IE<\/h1>\t\t<\/div>\n\t\t\t\t<\/div>\n\t\t\t\t<div class=\"elementor-element elementor-element-b069735 elementor-widget elementor-widget-heading\" data-id=\"b069735\" data-element_type=\"widget\" data-widget_type=\"heading.default\">\n\t\t\t\t<div class=\"elementor-widget-container\">\n\t\t\t<h2 class=\"elementor-heading-title elementor-size-medium\">Acad\u00e9mie de l'intelligence \u00e9conomique<\/h2>\t\t<\/div>\n\t\t\t\t<\/div>\n\t\t\t\t<div class=\"elementor-element elementor-element-bfab551 elementor-widget elementor-widget-feedzy-rss-feeds\" data-id=\"bfab551\" data-element_type=\"widget\" data-widget_type=\"feedzy-rss-feeds.default\">\n\t\t\t\t<div class=\"elementor-widget-container\">\n\t\t\t<div class=\"feedzy-rss feedzy-93265422a9e0b8cf647388127900bf80\"><ul><li  style=\"padding: 15px 0 25px\" class=\"rss_item\"><div class=\"rss_image\" style=\"width:150px; height:150px;\"><a href=\"https:\/\/www.academie-intelligence-economique.org\/post\/table-ronde-i-expo-ia-g%C3%A9n%C3%A9rative-cas-d-usages-et-rex-dans-la-veille-et-la-gestion-des-connaissa\" target=\"\" rel=\" noopener\" title=\"Table ronde I-Expo : \"IA g\u00e9n\u00e9rative : cas d'usages et REX dans la veille et la gestion des connaissances\"\" style=\"width:150px; height:150px;\"><span class=\"fetched\" style=\"background-image:  url('https:\/\/static.wixstatic.com\/media\/8c2815_634690e769da49708434d5cee04c6b0b~mv2.gif\/v1\/fit\/w_300,h_250,al_c,q_80\/file.png');\" title=\"Table ronde I-Expo : &quot;IA g\u00e9n\u00e9rative : cas d&#039;usages et REX dans la veille et la gestion des connaissances&quot;\"><\/span><amp-img width=\"150\" height=\"150\" src=\"https:\/\/static.wixstatic.com\/media\/8c2815_634690e769da49708434d5cee04c6b0b~mv2.gif\/v1\/fit\/w_300,h_250,al_c,q_80\/file.png\"><\/a><\/div><span class=\"title\"><a href=\"https:\/\/www.academie-intelligence-economique.org\/post\/table-ronde-i-expo-ia-g%C3%A9n%C3%A9rative-cas-d-usages-et-rex-dans-la-veille-et-la-gestion-des-connaissa\" target=\"\" rel=\" noopener\">Table ronde I-Expo : \"IA g\u00e9n\u00e9rative : cas d'usages et REX dans la veille et la gestion des connaissances\"<\/a><\/span><div class=\"rss_content\" style=\"\"><small>par <a href=\"\/\/www.academie-intelligence-economique.org\" target=\"\" title=\"www.academie-intelligence-economique.org\">Aacad\u00e9mie IE<\/a> le 1 avril 2026 \u00e0 15h36 <\/small><p>L'Acad\u00e9mie de l'Intelligence Economique vous invite \u00e0 la table ronde I-Expo : \"IA g\u00e9n\u00e9rative : cas d'usages et REX dans la veille et la gestion des connaissances\" le 9 avril 2026 \u00b7 15h30\u201316h15. Au plateau : Hasnae Chami-Boudrika - Head of Strategy, Intelligence and Foresight, UM6P France Anne-Marie Libmann - Directrice op\u00e9rationnelle, FLA Consultants Micka\u00ebl R\u00e9ault Reault - Dirigeant fondateur, Sindup Alain Berger - Associ\u00e9 co-fondateur &amp; DG, Ardans Romain Ponceau - Directeur g\u00e9n\u00e9ral, Opinion...<\/p><\/div><\/li><li  style=\"padding: 15px 0 25px\" class=\"rss_item\"><div class=\"rss_image\" style=\"width:150px; height:150px;\"><a href=\"https:\/\/www.academie-intelligence-economique.org\/post\/lancement-de-la-4%C3%A8me-session-du-mooc-intelligence-economique-pourquoi-et-comment-faire\" target=\"\" rel=\" noopener\" title=\"Lancement de la 4\u00e8me session du MOOC \u00ab Intelligence Economique, pourquoi et comment faire ? \u00bb\" style=\"width:150px; height:150px;\"><span class=\"fetched\" style=\"background-image:  url('https:\/\/static.wixstatic.com\/media\/8c2815_73c60243035f4c43a72c831bff222d9d~mv2.png\/v1\/fit\/w_970,h_432,al_c,q_80\/file.png');\" title=\"Lancement de la 4\u00e8me session du MOOC \u00ab Intelligence Economique, pourquoi et comment faire ? \u00bb\"><\/span><amp-img width=\"150\" height=\"150\" src=\"https:\/\/static.wixstatic.com\/media\/8c2815_73c60243035f4c43a72c831bff222d9d~mv2.png\/v1\/fit\/w_970,h_432,al_c,q_80\/file.png\"><\/a><\/div><span class=\"title\"><a href=\"https:\/\/www.academie-intelligence-economique.org\/post\/lancement-de-la-4%C3%A8me-session-du-mooc-intelligence-economique-pourquoi-et-comment-faire\" target=\"\" rel=\" noopener\">Lancement de la 4\u00e8me session du MOOC \u00ab Intelligence Economique, pourquoi et comment faire ? \u00bb<\/a><\/span><div class=\"rss_content\" style=\"\"><small>par <a href=\"\/\/www.academie-intelligence-economique.org\" target=\"\" title=\"www.academie-intelligence-economique.org\">Aacad\u00e9mie IE<\/a> le 6 f\u00e9vrier 2026 \u00e0 17h34 <\/small><p>L'Acad\u00e9mie de l'Intelligence Economique a le plaisir de vous informer que le MOOC \u00ab Intelligence Economique, pourquoi et comment faire \u00bb coproduit par la R\u00e9gion Normandie et l\u2019Universit\u00e9 de Caen Normandie, sera propos\u00e9 pour une 4\u00e8me session qui se d\u00e9roulera du 2 mars au 13 avril 2026. Les inscriptions sont ouvertes sur la plateforme FUN : https:\/\/www.fun-mooc.fr\/fr\/cours\/l-intelligence-economique-pourquoi-et-comment-faire Accessible gratuitement, ce cours en ligne d\u2019une dur\u00e9e globale de 10...<\/p><\/div><\/li><\/ul> <\/div>\t\t<\/div>\n\t\t\t\t<\/div>\n\t\t\t\t<div class=\"elementor-element elementor-element-b092ae1 elementor-widget elementor-widget-button\" data-id=\"b092ae1\" data-element_type=\"widget\" data-widget_type=\"button.default\">\n\t\t\t\t<div class=\"elementor-widget-container\">\n\t\t\t\t\t<div class=\"elementor-button-wrapper\">\n\t\t\t<a href=\"http:\/\/iypxhnp.cluster029.hosting.ovh.net\/index.php\/category\/academie-de-lintelligence-economique\/\" class=\"elementor-button-link elementor-button elementor-size-sm\" role=\"button\">\n\t\t\t\t\t\t<span class=\"elementor-button-content-wrapper\">\n\t\t\t\t\t\t<span class=\"elementor-button-text\">VOIR PLUS...<\/span>\n\t\t<\/span>\n\t\t\t\t\t<\/a>\n\t\t<\/div>\n\t\t\t\t<\/div>\n\t\t\t\t<\/div>\n\t\t\t\t<div class=\"elementor-element elementor-element-d0e8fb0 elementor-widget elementor-widget-spacer\" data-id=\"d0e8fb0\" data-element_type=\"widget\" data-widget_type=\"spacer.default\">\n\t\t\t\t<div class=\"elementor-widget-container\">\n\t\t\t<style>\/*! elementor - v3.10.0 - 09-01-2023 *\/\n.elementor-column .elementor-spacer-inner{height:var(--spacer-size)}.e-con{--container-widget-width:100%}.e-con-inner>.elementor-widget-spacer,.e-con>.elementor-widget-spacer{width:var(--container-widget-width,var(--spacer-size));--align-self:var(--container-widget-align-self,initial);--flex-shrink:0}.e-con-inner>.elementor-widget-spacer>.elementor-widget-container,.e-con-inner>.elementor-widget-spacer>.elementor-widget-container>.elementor-spacer,.e-con>.elementor-widget-spacer>.elementor-widget-container,.e-con>.elementor-widget-spacer>.elementor-widget-container>.elementor-spacer{height:100%}.e-con-inner>.elementor-widget-spacer>.elementor-widget-container>.elementor-spacer>.elementor-spacer-inner,.e-con>.elementor-widget-spacer>.elementor-widget-container>.elementor-spacer>.elementor-spacer-inner{height:var(--container-widget-height,var(--spacer-size))}<\/style>\t\t<div class=\"elementor-spacer\">\n\t\t\t<div class=\"elementor-spacer-inner\"><\/div>\n\t\t<\/div>\n\t\t\t\t<\/div>\n\t\t\t\t<\/div>\n\t\t\t\t<div class=\"elementor-element elementor-element-db70a44 elementor-widget elementor-widget-heading\" data-id=\"db70a44\" data-element_type=\"widget\" data-widget_type=\"heading.default\">\n\t\t\t\t<div class=\"elementor-widget-container\">\n\t\t\t<h2 class=\"elementor-heading-title elementor-size-medium\">Service de l\u2019information strat\u00e9gique et de la s\u00e9curit\u00e9 \u00e9conomiques<\/h2>\t\t<\/div>\n\t\t\t\t<\/div>\n\t\t\t\t<div class=\"elementor-element elementor-element-d2f4078 elementor-widget elementor-widget-feedzy-rss-feeds\" data-id=\"d2f4078\" data-element_type=\"widget\" data-widget_type=\"feedzy-rss-feeds.default\">\n\t\t\t\t<div class=\"elementor-widget-container\">\n\t\t\t<div class=\"feedzy-rss feedzy-c5a763b3945ecbc99efbddfb49b07b31\"><ul><\/ul> <\/div>\t\t<\/div>\n\t\t\t\t<\/div>\n\t\t\t\t<div class=\"elementor-element elementor-element-6b2a95a elementor-widget elementor-widget-button\" data-id=\"6b2a95a\" data-element_type=\"widget\" data-widget_type=\"button.default\">\n\t\t\t\t<div class=\"elementor-widget-container\">\n\t\t\t\t\t<div class=\"elementor-button-wrapper\">\n\t\t\t<a href=\"http:\/\/iypxhnp.cluster029.hosting.ovh.net\/index.php\/category\/service-de-linformation-strategique-et-de-la-securite-economiques\/\" class=\"elementor-button-link elementor-button elementor-size-sm\" role=\"button\">\n\t\t\t\t\t\t<span class=\"elementor-button-content-wrapper\">\n\t\t\t\t\t\t<span class=\"elementor-button-text\">VOIR PLUS...<\/span>\n\t\t<\/span>\n\t\t\t\t\t<\/a>\n\t\t<\/div>\n\t\t\t\t<\/div>\n\t\t\t\t<\/div>\n\t\t\t\t<div class=\"elementor-element elementor-element-df62792 elementor-widget elementor-widget-spacer\" data-id=\"df62792\" data-element_type=\"widget\" data-widget_type=\"spacer.default\">\n\t\t\t\t<div class=\"elementor-widget-container\">\n\t\t\t\t\t<div class=\"elementor-spacer\">\n\t\t\t<div class=\"elementor-spacer-inner\"><\/div>\n\t\t<\/div>\n\t\t\t\t<\/div>\n\t\t\t\t<\/div>\n\t\t\t\t<div class=\"elementor-element elementor-element-0bc0db9 elementor-widget elementor-widget-heading\" data-id=\"0bc0db9\" data-element_type=\"widget\" data-widget_type=\"heading.default\">\n\t\t\t\t<div class=\"elementor-widget-container\">\n\t\t\t<h2 class=\"elementor-heading-title elementor-size-medium\">Portail de l'intelligence \u00e9conomique<\/h2>\t\t<\/div>\n\t\t\t\t<\/div>\n\t\t\t\t<div class=\"elementor-element elementor-element-99e0e7a elementor-widget elementor-widget-feedzy-rss-feeds\" data-id=\"99e0e7a\" data-element_type=\"widget\" data-widget_type=\"feedzy-rss-feeds.default\">\n\t\t\t\t<div class=\"elementor-widget-container\">\n\t\t\t<div class=\"feedzy-rss feedzy-6017e83be61e3cbacf1689170061c2ff\"><ul><li  style=\"padding: 15px 0 25px\" class=\"rss_item\"><span class=\"title\"><a href=\"https:\/\/www.portail-ie.fr\/univers\/defense-industrie-de-larmement-et-renseignement\/2026\/retour-sur-la-restitution-des-travaux-des-rencontres-de-lintelligence-economique-de-defense-2025\/\" target=\"_self\" rel=\" noopener\">[Retour sur] La restitution des travaux des rencontres de l\u2019intelligence \u00e9conomique de D\u00e9fense 2025<\/a><\/span><div class=\"rss_content\" style=\"\"><small>par <a href=\"\/\/www.portail-ie.fr\" target=\"_self\" title=\"www.portail-ie.fr\">portail-ie<\/a> le 9 avril 2026 \u00e0 13h34 <\/small><p>Mercredi 8 avril, la DGA et l\u2019ACADEM ont restitu\u00e9 le travail de 7 mois d\u2019auditions des rencontres de l\u2019intelligence \u00e9conomique de D\u00e9fense (RIED). Lanc\u00e9es le 10 septembre 2025, les cinq \nL\u2019article [Retour sur] La restitution des travaux des rencontres de l\u2019intelligence \u00e9conomique de D\u00e9fense 2025 est apparu en premier sur Portail de l'IE.<\/p><\/div><\/li><li  style=\"padding: 15px 0 25px\" class=\"rss_item\"><span class=\"title\"><a href=\"https:\/\/www.portail-ie.fr\/univers\/2026\/le-skydefender-de-thales-au-croisement-de-lintelligence-artificielle-et-de-lintelligence-economique\/\" target=\"_self\" rel=\" noopener\">Le SkyDefender de Thales : au croisement de l\u2019intelligence artificielle et de l\u2019intelligence \u00e9conomique<\/a><\/span><div class=\"rss_content\" style=\"\"><small>par <a href=\"\/\/www.portail-ie.fr\" target=\"_self\" title=\"www.portail-ie.fr\">portail-ie<\/a> le 9 avril 2026 \u00e0 13h33 <\/small><p>Plus qu\u2019une simple r\u00e9ponse technique \u00e0 la mont\u00e9e des menaces a\u00e9riennes, le SkyDefender de Thales illustre l\u2019\u00e9mergence d\u2019une d\u00e9fense int\u00e9gr\u00e9e dans laquelle l\u2019intelligence artificielle devient \u00e9galement un facteur de souverainet\u00e9, de diff\u00e9renciation industrielle et de puissance \u00e9conomique. La ma\u00eetrise de la d\u00e9tection, de la fusion de donn\u00e9es, de l\u2019aide \u00e0 la d\u00e9cision et de l\u2019interop\u00e9rabilit\u00e9 ne rel\u00e8ve pas seulement de l\u2019efficacit\u00e9 militaire. Elle participe aussi \u00e0 la structuration d\u2019un avantage concurrentiel durable dans un march\u00e9 strat\u00e9gique en forte croissance.\nL\u2019article Le SkyDefender de Thales : au croisement de l\u2019intelligence artificielle et de l\u2019intelligence \u00e9conomique est apparu en premier sur Portail de l'IE.<\/p><\/div><\/li><\/ul> <\/div>\t\t<\/div>\n\t\t\t\t<\/div>\n\t\t\t\t<div class=\"elementor-element elementor-element-f09240b elementor-widget elementor-widget-button\" data-id=\"f09240b\" data-element_type=\"widget\" data-widget_type=\"button.default\">\n\t\t\t\t<div class=\"elementor-widget-container\">\n\t\t\t\t\t<div class=\"elementor-button-wrapper\">\n\t\t\t<a href=\"http:\/\/iypxhnp.cluster029.hosting.ovh.net\/index.php\/category\/portail-de-lintelligence-economique\/\" class=\"elementor-button-link elementor-button elementor-size-sm\" role=\"button\">\n\t\t\t\t\t\t<span class=\"elementor-button-content-wrapper\">\n\t\t\t\t\t\t<span class=\"elementor-button-text\">VOIR PLUS...<\/span>\n\t\t<\/span>\n\t\t\t\t\t<\/a>\n\t\t<\/div>\n\t\t\t\t<\/div>\n\t\t\t\t<\/div>\n\t\t\t\t\t<\/div>\n\t\t<\/div>\n\t\t\t\t\t\t\t<\/div>\n\t\t<\/section>\n\t\t\t\t<section class=\"elementor-section elementor-top-section elementor-element elementor-element-2c3c95e elementor-section-boxed elementor-section-height-default elementor-section-height-default\" data-id=\"2c3c95e\" data-element_type=\"section\">\n\t\t\t\t\t\t<div class=\"elementor-container elementor-column-gap-default\">\n\t\t\t\t\t<div class=\"elementor-column elementor-col-100 elementor-top-column elementor-element elementor-element-ffdd60e\" data-id=\"ffdd60e\" data-element_type=\"column\">\n\t\t\t<div class=\"elementor-widget-wrap\">\n\t\t\t\t\t\t\t\t\t<\/div>\n\t\t<\/div>\n\t\t\t\t\t\t\t<\/div>\n\t\t<\/section>\n\t\t\t\t\t\t\t<\/div>\n\t\t","protected":false},"excerpt":{"rendered":"<p>Actualit\u00e9 de l&rsquo;IE Acad\u00e9mie de l&rsquo;intelligence \u00e9conomique VOIR PLUS&#8230; Service de l\u2019information strat\u00e9gique et de la s\u00e9curit\u00e9 \u00e9conomiques VOIR PLUS&#8230; Portail de l&rsquo;intelligence \u00e9conomique VOIR PLUS&#8230;<\/p>\n","protected":false},"author":2,"featured_media":0,"parent":0,"menu_order":0,"comment_status":"closed","ping_status":"closed","template":"","meta":{"_kad_post_transparent":"","_kad_post_title":"hide","_kad_post_layout":"fullwidth","_kad_post_sidebar_id":"","_kad_post_content_style":"unboxed","_kad_post_vertical_padding":"hide","_kad_post_feature":"hide","_kad_post_feature_position":"","_kad_post_header":false,"_kad_post_footer":false,"footnotes":""},"class_list":["post-55","page","type-page","status-publish","hentry"],"yoast_head":"<!-- This site is optimized with the Yoast SEO plugin v27.1.1 - https:\/\/yoast.com\/product\/yoast-seo-wordpress\/ -->\n<title>Actualit\u00e9s de l&#039;IE - intelligence economique<\/title>\n<meta name=\"robots\" content=\"index, follow, max-snippet:-1, max-image-preview:large, max-video-preview:-1\" \/>\n<link rel=\"canonical\" href=\"https:\/\/www.r2ie.org\/index.php\/actualites-de-lie\/\" \/>\n<meta property=\"og:locale\" content=\"fr_FR\" \/>\n<meta property=\"og:type\" content=\"article\" \/>\n<meta property=\"og:title\" content=\"Actualit\u00e9s de l&#039;IE - intelligence economique\" \/>\n<meta property=\"og:description\" content=\"Actualit\u00e9 de l&rsquo;IE Acad\u00e9mie de l&rsquo;intelligence \u00e9conomique VOIR PLUS&#8230; Service de l\u2019information strat\u00e9gique et de la s\u00e9curit\u00e9 \u00e9conomiques VOIR PLUS&#8230; Portail de l&rsquo;intelligence \u00e9conomique VOIR PLUS&#8230;\" \/>\n<meta property=\"og:url\" content=\"https:\/\/www.r2ie.org\/index.php\/actualites-de-lie\/\" \/>\n<meta property=\"og:site_name\" content=\"Revue Internationale d&#039;Intelligence Economique\" \/>\n<meta property=\"article:modified_time\" content=\"2023-01-25T12:06:25+00:00\" \/>\n<meta name=\"twitter:card\" content=\"summary_large_image\" \/>\n<meta name=\"twitter:label1\" content=\"Dur\u00e9e de lecture estim\u00e9e\" \/>\n\t<meta name=\"twitter:data1\" content=\"2 minutes\" \/>\n<script type=\"application\/ld+json\" class=\"yoast-schema-graph\">{\"@context\":\"https:\/\/schema.org\",\"@graph\":[{\"@type\":\"WebPage\",\"@id\":\"https:\/\/www.r2ie.org\/index.php\/actualites-de-lie\/\",\"url\":\"https:\/\/www.r2ie.org\/index.php\/actualites-de-lie\/\",\"name\":\"Actualit\u00e9s de l'IE - intelligence economique\",\"isPartOf\":{\"@id\":\"https:\/\/www.r2ie.org\/#website\"},\"datePublished\":\"2023-01-17T15:38:45+00:00\",\"dateModified\":\"2023-01-25T12:06:25+00:00\",\"breadcrumb\":{\"@id\":\"https:\/\/www.r2ie.org\/index.php\/actualites-de-lie\/#breadcrumb\"},\"inLanguage\":\"fr-FR\",\"potentialAction\":[{\"@type\":\"ReadAction\",\"target\":[\"https:\/\/www.r2ie.org\/index.php\/actualites-de-lie\/\"]}]},{\"@type\":\"BreadcrumbList\",\"@id\":\"https:\/\/www.r2ie.org\/index.php\/actualites-de-lie\/#breadcrumb\",\"itemListElement\":[{\"@type\":\"ListItem\",\"position\":1,\"name\":\"Accueil\",\"item\":\"https:\/\/www.r2ie.org\/\"},{\"@type\":\"ListItem\",\"position\":2,\"name\":\"Actualit\u00e9s de l&rsquo;IE\"}]},{\"@type\":\"WebSite\",\"@id\":\"https:\/\/www.r2ie.org\/#website\",\"url\":\"https:\/\/www.r2ie.org\/\",\"name\":\"Revue Internationale d&#039;Intelligence Economique\",\"description\":\"\",\"publisher\":{\"@id\":\"https:\/\/www.r2ie.org\/#organization\"},\"potentialAction\":[{\"@type\":\"SearchAction\",\"target\":{\"@type\":\"EntryPoint\",\"urlTemplate\":\"https:\/\/www.r2ie.org\/?s={search_term_string}\"},\"query-input\":{\"@type\":\"PropertyValueSpecification\",\"valueRequired\":true,\"valueName\":\"search_term_string\"}}],\"inLanguage\":\"fr-FR\"},{\"@type\":\"Organization\",\"@id\":\"https:\/\/www.r2ie.org\/#organization\",\"name\":\"Revue Internationale d&#039;Intelligence Economique\",\"url\":\"https:\/\/www.r2ie.org\/\",\"logo\":{\"@type\":\"ImageObject\",\"inLanguage\":\"fr-FR\",\"@id\":\"https:\/\/www.r2ie.org\/#\/schema\/logo\/image\/\",\"url\":\"https:\/\/www.r2ie.org\/wp-content\/uploads\/2023\/01\/cropped-cropped-logo-r2ie-dc3a9gradc3a9.webp\",\"contentUrl\":\"https:\/\/www.r2ie.org\/wp-content\/uploads\/2023\/01\/cropped-cropped-logo-r2ie-dc3a9gradc3a9.webp\",\"width\":654,\"height\":251,\"caption\":\"Revue Internationale d&#039;Intelligence Economique\"},\"image\":{\"@id\":\"https:\/\/www.r2ie.org\/#\/schema\/logo\/image\/\"}}]}<\/script>\n<!-- \/ Yoast SEO plugin. -->","yoast_head_json":{"title":"Actualit\u00e9s de l'IE - intelligence economique","robots":{"index":"index","follow":"follow","max-snippet":"max-snippet:-1","max-image-preview":"max-image-preview:large","max-video-preview":"max-video-preview:-1"},"canonical":"https:\/\/www.r2ie.org\/index.php\/actualites-de-lie\/","og_locale":"fr_FR","og_type":"article","og_title":"Actualit\u00e9s de l'IE - intelligence economique","og_description":"Actualit\u00e9 de l&rsquo;IE Acad\u00e9mie de l&rsquo;intelligence \u00e9conomique VOIR PLUS&#8230; Service de l\u2019information strat\u00e9gique et de la s\u00e9curit\u00e9 \u00e9conomiques VOIR PLUS&#8230; Portail de l&rsquo;intelligence \u00e9conomique VOIR PLUS&#8230;","og_url":"https:\/\/www.r2ie.org\/index.php\/actualites-de-lie\/","og_site_name":"Revue Internationale d&#039;Intelligence Economique","article_modified_time":"2023-01-25T12:06:25+00:00","twitter_card":"summary_large_image","twitter_misc":{"Dur\u00e9e de lecture estim\u00e9e":"2 minutes"},"schema":{"@context":"https:\/\/schema.org","@graph":[{"@type":"WebPage","@id":"https:\/\/www.r2ie.org\/index.php\/actualites-de-lie\/","url":"https:\/\/www.r2ie.org\/index.php\/actualites-de-lie\/","name":"Actualit\u00e9s de l'IE - intelligence economique","isPartOf":{"@id":"https:\/\/www.r2ie.org\/#website"},"datePublished":"2023-01-17T15:38:45+00:00","dateModified":"2023-01-25T12:06:25+00:00","breadcrumb":{"@id":"https:\/\/www.r2ie.org\/index.php\/actualites-de-lie\/#breadcrumb"},"inLanguage":"fr-FR","potentialAction":[{"@type":"ReadAction","target":["https:\/\/www.r2ie.org\/index.php\/actualites-de-lie\/"]}]},{"@type":"BreadcrumbList","@id":"https:\/\/www.r2ie.org\/index.php\/actualites-de-lie\/#breadcrumb","itemListElement":[{"@type":"ListItem","position":1,"name":"Accueil","item":"https:\/\/www.r2ie.org\/"},{"@type":"ListItem","position":2,"name":"Actualit\u00e9s de l&rsquo;IE"}]},{"@type":"WebSite","@id":"https:\/\/www.r2ie.org\/#website","url":"https:\/\/www.r2ie.org\/","name":"Revue Internationale d&#039;Intelligence Economique","description":"","publisher":{"@id":"https:\/\/www.r2ie.org\/#organization"},"potentialAction":[{"@type":"SearchAction","target":{"@type":"EntryPoint","urlTemplate":"https:\/\/www.r2ie.org\/?s={search_term_string}"},"query-input":{"@type":"PropertyValueSpecification","valueRequired":true,"valueName":"search_term_string"}}],"inLanguage":"fr-FR"},{"@type":"Organization","@id":"https:\/\/www.r2ie.org\/#organization","name":"Revue Internationale d&#039;Intelligence Economique","url":"https:\/\/www.r2ie.org\/","logo":{"@type":"ImageObject","inLanguage":"fr-FR","@id":"https:\/\/www.r2ie.org\/#\/schema\/logo\/image\/","url":"https:\/\/www.r2ie.org\/wp-content\/uploads\/2023\/01\/cropped-cropped-logo-r2ie-dc3a9gradc3a9.webp","contentUrl":"https:\/\/www.r2ie.org\/wp-content\/uploads\/2023\/01\/cropped-cropped-logo-r2ie-dc3a9gradc3a9.webp","width":654,"height":251,"caption":"Revue Internationale d&#039;Intelligence Economique"},"image":{"@id":"https:\/\/www.r2ie.org\/#\/schema\/logo\/image\/"}}]}},"_links":{"self":[{"href":"https:\/\/www.r2ie.org\/index.php\/wp-json\/wp\/v2\/pages\/55","targetHints":{"allow":["GET"]}}],"collection":[{"href":"https:\/\/www.r2ie.org\/index.php\/wp-json\/wp\/v2\/pages"}],"about":[{"href":"https:\/\/www.r2ie.org\/index.php\/wp-json\/wp\/v2\/types\/page"}],"author":[{"embeddable":true,"href":"https:\/\/www.r2ie.org\/index.php\/wp-json\/wp\/v2\/users\/2"}],"replies":[{"embeddable":true,"href":"https:\/\/www.r2ie.org\/index.php\/wp-json\/wp\/v2\/comments?post=55"}],"version-history":[{"count":29,"href":"https:\/\/www.r2ie.org\/index.php\/wp-json\/wp\/v2\/pages\/55\/revisions"}],"predecessor-version":[{"id":2353,"href":"https:\/\/www.r2ie.org\/index.php\/wp-json\/wp\/v2\/pages\/55\/revisions\/2353"}],"wp:attachment":[{"href":"https:\/\/www.r2ie.org\/index.php\/wp-json\/wp\/v2\/media?parent=55"}],"curies":[{"name":"wp","href":"https:\/\/api.w.org\/{rel}","templated":true}]}}