{"id":30,"date":"2023-01-17T16:08:01","date_gmt":"2023-01-17T15:08:01","guid":{"rendered":"http:\/\/iypxhnp.cluster029.hosting.ovh.net\/?page_id=30"},"modified":"2023-01-26T13:20:44","modified_gmt":"2023-01-26T12:20:44","slug":"le-comite-scientifique","status":"publish","type":"page","link":"https:\/\/www.r2ie.org\/index.php\/le-comite-scientifique\/","title":{"rendered":"Le comit\u00e9 scientifique"},"content":{"rendered":"\t\t<div data-elementor-type=\"wp-page\" data-elementor-id=\"30\" class=\"elementor elementor-30\">\n\t\t\t\t\t\t\t\t\t<section class=\"elementor-section elementor-top-section elementor-element elementor-element-9a86cf1 elementor-section-boxed elementor-section-height-default elementor-section-height-default\" data-id=\"9a86cf1\" data-element_type=\"section\">\n\t\t\t\t\t\t<div class=\"elementor-container elementor-column-gap-default\">\n\t\t\t\t\t<div class=\"elementor-column elementor-col-100 elementor-top-column elementor-element elementor-element-deda82a\" data-id=\"deda82a\" data-element_type=\"column\">\n\t\t\t<div class=\"elementor-widget-wrap elementor-element-populated\">\n\t\t\t\t\t\t\t\t<div class=\"elementor-element elementor-element-b6a7fdf elementor-widget elementor-widget-heading\" data-id=\"b6a7fdf\" data-element_type=\"widget\" data-widget_type=\"heading.default\">\n\t\t\t\t<div class=\"elementor-widget-container\">\n\t\t\t<style>\/*! elementor - v3.10.0 - 09-01-2023 *\/\n.elementor-heading-title{padding:0;margin:0;line-height:1}.elementor-widget-heading .elementor-heading-title[class*=elementor-size-]>a{color:inherit;font-size:inherit;line-height:inherit}.elementor-widget-heading .elementor-heading-title.elementor-size-small{font-size:15px}.elementor-widget-heading .elementor-heading-title.elementor-size-medium{font-size:19px}.elementor-widget-heading .elementor-heading-title.elementor-size-large{font-size:29px}.elementor-widget-heading .elementor-heading-title.elementor-size-xl{font-size:39px}.elementor-widget-heading .elementor-heading-title.elementor-size-xxl{font-size:59px}<\/style><h1 class=\"elementor-heading-title elementor-size-large\">Le comit\u00e9 scientifique<\/h1>\t\t<\/div>\n\t\t\t\t<\/div>\n\t\t\t\t<div class=\"elementor-element elementor-element-7d1e36c elementor-widget elementor-widget-text-editor\" data-id=\"7d1e36c\" data-element_type=\"widget\" data-widget_type=\"text-editor.default\">\n\t\t\t\t<div class=\"elementor-widget-container\">\n\t\t\t<style>\/*! elementor - v3.10.0 - 09-01-2023 *\/\n.elementor-widget-text-editor.elementor-drop-cap-view-stacked .elementor-drop-cap{background-color:#818a91;color:#fff}.elementor-widget-text-editor.elementor-drop-cap-view-framed .elementor-drop-cap{color:#818a91;border:3px solid;background-color:transparent}.elementor-widget-text-editor:not(.elementor-drop-cap-view-default) .elementor-drop-cap{margin-top:8px}.elementor-widget-text-editor:not(.elementor-drop-cap-view-default) .elementor-drop-cap-letter{width:1em;height:1em}.elementor-widget-text-editor .elementor-drop-cap{float:left;text-align:center;line-height:1;font-size:50px}.elementor-widget-text-editor .elementor-drop-cap-letter{display:inline-block}<\/style>\t\t\t\t<h4><span style=\"text-decoration: underline;\"><strong>Composition du comit\u00e9 scientifique :<\/strong><\/span><\/h4><p><strong>Mohand Belkassemi<\/strong>, Ma\u00eetre de conf\u00e9rences a\u0300 l\u2019\u00e9cole des Hautes E\u0301tudes Commerciales d\u2019Alger, Alg\u00e9rie<br \/><strong>C\u00e9cile Belmondo,\u00a0<\/strong>Professeur des universit\u00e9s, Universit\u00e9\u0301 de Lille.<br \/><strong>Jonathan Calof<\/strong>, Professor, Telfer School of Business, University of Ottawa, Ot- tawa, Ontario, Canada et Northwest University, South Africa<br \/><strong>St\u00e9phane Chaudiron<\/strong>, Professeur des universit\u00e9s, Universit\u00e9\u0301 de Lille<br \/><strong>Kadigia Faccin<\/strong>, Professeur, Universidade do Vale do Rio dos Sinos \u2013 Unisinos, Br\u00e9sil<br \/><strong>Miguel Angel Garcia Madurga<\/strong>, Professeur associe\u0301, Universidad de Zaragoza, Spain<br \/><strong>St\u00e9phane Goria<\/strong>, Ma\u00eetre de conf\u00e9rences, Universit\u00e9\u0301 de Lorraine<br \/><strong>Alice Guilhon<\/strong>, Directrice g\u00e9n\u00e9rale de Skema Business School<br \/><strong>Norbert Lebrument<\/strong>, Ma\u00eetre de Conf\u00e9rences, IAE, Universit\u00e9\u0301 de Clermont \u2013 Auvergne<br \/><strong>Claudie Meyer<\/strong>, Ma\u00eetre de conf\u00e9rences, Universit\u00e9\u0301 Gustave Eiffel<br \/><strong>Nicolas Moinet<\/strong>, Professeur des universit\u00e9s, IAE \u2013 Universit\u00e9\u0301 de Poitiers<br \/><strong>Sylvie Parrini-Alemanno<\/strong>, Professeur des universit\u00e9s, Conservatoire National des Arts et M\u00e9tiers<br \/><strong>Maud Pelissier<\/strong>, Ma\u00eetre de conf\u00e9rences, HDR, Universit\u00e9\u0301 de Toulon, Aix-Marseille Universit\u00e9\u0301<br \/><strong>Mounir Rochdi<\/strong>, Docteur en intelligence \u00e9conomique, consultant international en Competitive Intelligence aupr\u00e8s du Centre de Commerce International [Gene\u0300ve]<\/p>\t\t\t\t\t\t<\/div>\n\t\t\t\t<\/div>\n\t\t\t\t\t<\/div>\n\t\t<\/div>\n\t\t\t\t\t\t\t<\/div>\n\t\t<\/section>\n\t\t\t\t<section class=\"elementor-section elementor-top-section elementor-element elementor-element-7033c1b elementor-section-boxed elementor-section-height-default elementor-section-height-default\" data-id=\"7033c1b\" data-element_type=\"section\">\n\t\t\t\t\t\t<div class=\"elementor-container elementor-column-gap-default\">\n\t\t\t\t\t<div class=\"elementor-column elementor-col-100 elementor-top-column elementor-element elementor-element-8fa645a\" data-id=\"8fa645a\" data-element_type=\"column\">\n\t\t\t<div class=\"elementor-widget-wrap elementor-element-populated\">\n\t\t\t\t\t\t\t\t<div class=\"elementor-element elementor-element-16a4aa0 elementor-widget elementor-widget-spacer\" data-id=\"16a4aa0\" data-element_type=\"widget\" data-widget_type=\"spacer.default\">\n\t\t\t\t<div class=\"elementor-widget-container\">\n\t\t\t<style>\/*! elementor - v3.10.0 - 09-01-2023 *\/\n.elementor-column .elementor-spacer-inner{height:var(--spacer-size)}.e-con{--container-widget-width:100%}.e-con-inner>.elementor-widget-spacer,.e-con>.elementor-widget-spacer{width:var(--container-widget-width,var(--spacer-size));--align-self:var(--container-widget-align-self,initial);--flex-shrink:0}.e-con-inner>.elementor-widget-spacer>.elementor-widget-container,.e-con-inner>.elementor-widget-spacer>.elementor-widget-container>.elementor-spacer,.e-con>.elementor-widget-spacer>.elementor-widget-container,.e-con>.elementor-widget-spacer>.elementor-widget-container>.elementor-spacer{height:100%}.e-con-inner>.elementor-widget-spacer>.elementor-widget-container>.elementor-spacer>.elementor-spacer-inner,.e-con>.elementor-widget-spacer>.elementor-widget-container>.elementor-spacer>.elementor-spacer-inner{height:var(--container-widget-height,var(--spacer-size))}<\/style>\t\t<div class=\"elementor-spacer\">\n\t\t\t<div class=\"elementor-spacer-inner\"><\/div>\n\t\t<\/div>\n\t\t\t\t<\/div>\n\t\t\t\t<\/div>\n\t\t\t\t\t<\/div>\n\t\t<\/div>\n\t\t\t\t\t\t\t<\/div>\n\t\t<\/section>\n\t\t\t\t\t\t\t<\/div>\n\t\t","protected":false},"excerpt":{"rendered":"<p>Le comit\u00e9 scientifique Composition du comit\u00e9 scientifique : Mohand Belkassemi, Ma\u00eetre de conf\u00e9rences a\u0300 l\u2019\u00e9cole des Hautes E\u0301tudes Commerciales d\u2019Alger, Alg\u00e9rieC\u00e9cile Belmondo,\u00a0Professeur des universit\u00e9s, Universit\u00e9\u0301 de Lille.Jonathan Calof, Professor, Telfer School of Business, University of Ottawa, Ot- tawa, Ontario, Canada et Northwest University, South AfricaSt\u00e9phane Chaudiron, Professeur des universit\u00e9s, Universit\u00e9\u0301 de LilleKadigia Faccin, Professeur, Universidade&#8230;<\/p>\n","protected":false},"author":2,"featured_media":0,"parent":0,"menu_order":0,"comment_status":"closed","ping_status":"closed","template":"","meta":{"_kad_post_transparent":"","_kad_post_title":"hide","_kad_post_layout":"fullwidth","_kad_post_sidebar_id":"","_kad_post_content_style":"unboxed","_kad_post_vertical_padding":"hide","_kad_post_feature":"hide","_kad_post_feature_position":"","_kad_post_header":false,"_kad_post_footer":false,"footnotes":""},"class_list":["post-30","page","type-page","status-publish","hentry"],"yoast_head":"<!-- This site is optimized with the Yoast SEO plugin v27.1.1 - https:\/\/yoast.com\/product\/yoast-seo-wordpress\/ -->\n<title>Le comit\u00e9 scientifique - Revue Internationale d&#039;Intelligence Economique<\/title>\n<meta name=\"robots\" content=\"index, follow, max-snippet:-1, max-image-preview:large, max-video-preview:-1\" \/>\n<link rel=\"canonical\" href=\"https:\/\/www.r2ie.org\/index.php\/le-comite-scientifique\/\" \/>\n<meta property=\"og:locale\" content=\"fr_FR\" \/>\n<meta property=\"og:type\" content=\"article\" \/>\n<meta property=\"og:title\" content=\"Le comit\u00e9 scientifique - Revue Internationale d&#039;Intelligence Economique\" \/>\n<meta property=\"og:description\" content=\"Le comit\u00e9 scientifique Composition du comit\u00e9 scientifique : Mohand Belkassemi, Ma\u00eetre de conf\u00e9rences a\u0300 l\u2019\u00e9cole des Hautes E\u0301tudes Commerciales d\u2019Alger, Alg\u00e9rieC\u00e9cile Belmondo,\u00a0Professeur des universit\u00e9s, Universit\u00e9\u0301 de Lille.Jonathan Calof, Professor, Telfer School of Business, University of Ottawa, Ot- tawa, Ontario, Canada et Northwest University, South AfricaSt\u00e9phane Chaudiron, Professeur des universit\u00e9s, Universit\u00e9\u0301 de LilleKadigia Faccin, Professeur, Universidade...\" \/>\n<meta property=\"og:url\" content=\"https:\/\/www.r2ie.org\/index.php\/le-comite-scientifique\/\" \/>\n<meta property=\"og:site_name\" content=\"Revue Internationale d&#039;Intelligence Economique\" \/>\n<meta property=\"article:modified_time\" content=\"2023-01-26T12:20:44+00:00\" \/>\n<meta name=\"twitter:card\" content=\"summary_large_image\" \/>\n<meta name=\"twitter:label1\" content=\"Dur\u00e9e de lecture estim\u00e9e\" \/>\n\t<meta name=\"twitter:data1\" content=\"1 minute\" \/>\n<script type=\"application\/ld+json\" class=\"yoast-schema-graph\">{\"@context\":\"https:\/\/schema.org\",\"@graph\":[{\"@type\":\"WebPage\",\"@id\":\"https:\/\/www.r2ie.org\/index.php\/le-comite-scientifique\/\",\"url\":\"https:\/\/www.r2ie.org\/index.php\/le-comite-scientifique\/\",\"name\":\"Le comit\u00e9 scientifique - Revue Internationale d&#039;Intelligence Economique\",\"isPartOf\":{\"@id\":\"https:\/\/www.r2ie.org\/#website\"},\"datePublished\":\"2023-01-17T15:08:01+00:00\",\"dateModified\":\"2023-01-26T12:20:44+00:00\",\"breadcrumb\":{\"@id\":\"https:\/\/www.r2ie.org\/index.php\/le-comite-scientifique\/#breadcrumb\"},\"inLanguage\":\"fr-FR\",\"potentialAction\":[{\"@type\":\"ReadAction\",\"target\":[\"https:\/\/www.r2ie.org\/index.php\/le-comite-scientifique\/\"]}]},{\"@type\":\"BreadcrumbList\",\"@id\":\"https:\/\/www.r2ie.org\/index.php\/le-comite-scientifique\/#breadcrumb\",\"itemListElement\":[{\"@type\":\"ListItem\",\"position\":1,\"name\":\"Accueil\",\"item\":\"https:\/\/www.r2ie.org\/\"},{\"@type\":\"ListItem\",\"position\":2,\"name\":\"Le comit\u00e9 scientifique\"}]},{\"@type\":\"WebSite\",\"@id\":\"https:\/\/www.r2ie.org\/#website\",\"url\":\"https:\/\/www.r2ie.org\/\",\"name\":\"Revue Internationale d&#039;Intelligence Economique\",\"description\":\"\",\"publisher\":{\"@id\":\"https:\/\/www.r2ie.org\/#organization\"},\"potentialAction\":[{\"@type\":\"SearchAction\",\"target\":{\"@type\":\"EntryPoint\",\"urlTemplate\":\"https:\/\/www.r2ie.org\/?s={search_term_string}\"},\"query-input\":{\"@type\":\"PropertyValueSpecification\",\"valueRequired\":true,\"valueName\":\"search_term_string\"}}],\"inLanguage\":\"fr-FR\"},{\"@type\":\"Organization\",\"@id\":\"https:\/\/www.r2ie.org\/#organization\",\"name\":\"Revue Internationale d&#039;Intelligence Economique\",\"url\":\"https:\/\/www.r2ie.org\/\",\"logo\":{\"@type\":\"ImageObject\",\"inLanguage\":\"fr-FR\",\"@id\":\"https:\/\/www.r2ie.org\/#\/schema\/logo\/image\/\",\"url\":\"https:\/\/www.r2ie.org\/wp-content\/uploads\/2023\/01\/cropped-cropped-logo-r2ie-dc3a9gradc3a9.webp\",\"contentUrl\":\"https:\/\/www.r2ie.org\/wp-content\/uploads\/2023\/01\/cropped-cropped-logo-r2ie-dc3a9gradc3a9.webp\",\"width\":654,\"height\":251,\"caption\":\"Revue Internationale d&#039;Intelligence Economique\"},\"image\":{\"@id\":\"https:\/\/www.r2ie.org\/#\/schema\/logo\/image\/\"}}]}<\/script>\n<!-- \/ Yoast SEO plugin. -->","yoast_head_json":{"title":"Le comit\u00e9 scientifique - Revue Internationale d&#039;Intelligence Economique","robots":{"index":"index","follow":"follow","max-snippet":"max-snippet:-1","max-image-preview":"max-image-preview:large","max-video-preview":"max-video-preview:-1"},"canonical":"https:\/\/www.r2ie.org\/index.php\/le-comite-scientifique\/","og_locale":"fr_FR","og_type":"article","og_title":"Le comit\u00e9 scientifique - Revue Internationale d&#039;Intelligence Economique","og_description":"Le comit\u00e9 scientifique Composition du comit\u00e9 scientifique : Mohand Belkassemi, Ma\u00eetre de conf\u00e9rences a\u0300 l\u2019\u00e9cole des Hautes E\u0301tudes Commerciales d\u2019Alger, Alg\u00e9rieC\u00e9cile Belmondo,\u00a0Professeur des universit\u00e9s, Universit\u00e9\u0301 de Lille.Jonathan Calof, Professor, Telfer School of Business, University of Ottawa, Ot- tawa, Ontario, Canada et Northwest University, South AfricaSt\u00e9phane Chaudiron, Professeur des universit\u00e9s, Universit\u00e9\u0301 de LilleKadigia Faccin, Professeur, Universidade...","og_url":"https:\/\/www.r2ie.org\/index.php\/le-comite-scientifique\/","og_site_name":"Revue Internationale d&#039;Intelligence Economique","article_modified_time":"2023-01-26T12:20:44+00:00","twitter_card":"summary_large_image","twitter_misc":{"Dur\u00e9e de lecture estim\u00e9e":"1 minute"},"schema":{"@context":"https:\/\/schema.org","@graph":[{"@type":"WebPage","@id":"https:\/\/www.r2ie.org\/index.php\/le-comite-scientifique\/","url":"https:\/\/www.r2ie.org\/index.php\/le-comite-scientifique\/","name":"Le comit\u00e9 scientifique - Revue Internationale d&#039;Intelligence Economique","isPartOf":{"@id":"https:\/\/www.r2ie.org\/#website"},"datePublished":"2023-01-17T15:08:01+00:00","dateModified":"2023-01-26T12:20:44+00:00","breadcrumb":{"@id":"https:\/\/www.r2ie.org\/index.php\/le-comite-scientifique\/#breadcrumb"},"inLanguage":"fr-FR","potentialAction":[{"@type":"ReadAction","target":["https:\/\/www.r2ie.org\/index.php\/le-comite-scientifique\/"]}]},{"@type":"BreadcrumbList","@id":"https:\/\/www.r2ie.org\/index.php\/le-comite-scientifique\/#breadcrumb","itemListElement":[{"@type":"ListItem","position":1,"name":"Accueil","item":"https:\/\/www.r2ie.org\/"},{"@type":"ListItem","position":2,"name":"Le comit\u00e9 scientifique"}]},{"@type":"WebSite","@id":"https:\/\/www.r2ie.org\/#website","url":"https:\/\/www.r2ie.org\/","name":"Revue Internationale d&#039;Intelligence Economique","description":"","publisher":{"@id":"https:\/\/www.r2ie.org\/#organization"},"potentialAction":[{"@type":"SearchAction","target":{"@type":"EntryPoint","urlTemplate":"https:\/\/www.r2ie.org\/?s={search_term_string}"},"query-input":{"@type":"PropertyValueSpecification","valueRequired":true,"valueName":"search_term_string"}}],"inLanguage":"fr-FR"},{"@type":"Organization","@id":"https:\/\/www.r2ie.org\/#organization","name":"Revue Internationale d&#039;Intelligence Economique","url":"https:\/\/www.r2ie.org\/","logo":{"@type":"ImageObject","inLanguage":"fr-FR","@id":"https:\/\/www.r2ie.org\/#\/schema\/logo\/image\/","url":"https:\/\/www.r2ie.org\/wp-content\/uploads\/2023\/01\/cropped-cropped-logo-r2ie-dc3a9gradc3a9.webp","contentUrl":"https:\/\/www.r2ie.org\/wp-content\/uploads\/2023\/01\/cropped-cropped-logo-r2ie-dc3a9gradc3a9.webp","width":654,"height":251,"caption":"Revue Internationale d&#039;Intelligence Economique"},"image":{"@id":"https:\/\/www.r2ie.org\/#\/schema\/logo\/image\/"}}]}},"_links":{"self":[{"href":"https:\/\/www.r2ie.org\/index.php\/wp-json\/wp\/v2\/pages\/30","targetHints":{"allow":["GET"]}}],"collection":[{"href":"https:\/\/www.r2ie.org\/index.php\/wp-json\/wp\/v2\/pages"}],"about":[{"href":"https:\/\/www.r2ie.org\/index.php\/wp-json\/wp\/v2\/types\/page"}],"author":[{"embeddable":true,"href":"https:\/\/www.r2ie.org\/index.php\/wp-json\/wp\/v2\/users\/2"}],"replies":[{"embeddable":true,"href":"https:\/\/www.r2ie.org\/index.php\/wp-json\/wp\/v2\/comments?post=30"}],"version-history":[{"count":34,"href":"https:\/\/www.r2ie.org\/index.php\/wp-json\/wp\/v2\/pages\/30\/revisions"}],"predecessor-version":[{"id":2418,"href":"https:\/\/www.r2ie.org\/index.php\/wp-json\/wp\/v2\/pages\/30\/revisions\/2418"}],"wp:attachment":[{"href":"https:\/\/www.r2ie.org\/index.php\/wp-json\/wp\/v2\/media?parent=30"}],"curies":[{"name":"wp","href":"https:\/\/api.w.org\/{rel}","templated":true}]}}