{"id":1537,"date":"2023-01-21T12:39:31","date_gmt":"2023-01-21T11:39:31","guid":{"rendered":"http:\/\/iypxhnp.cluster029.hosting.ovh.net\/?page_id=1537"},"modified":"2023-03-01T11:59:13","modified_gmt":"2023-03-01T10:59:13","slug":"appels-a-contribution","status":"publish","type":"page","link":"https:\/\/www.r2ie.org\/index.php\/appels-a-contribution\/","title":{"rendered":"Appels \u00e0 contribution"},"content":{"rendered":"<h1>Appels \u00e0 contribution<\/h1>\n<p>\r\n\t<div class=\"bdp-post-carousel-wrp bdp-clearfix\">\r\n\t\t<div class=\"bdp-post-carousel bdp-design-1\"  id=\"bdp-carousel-1\">\r\n\t\t\t<div class=\"bdp-post-carousel-slide\">\r\n\t<div class=\"bdp-post-carousel-content bdp-no-thumb-image\">\r\n\t\t\r\n\t\t<h2 class=\"bdp-post-title\">\r\n\t\t\t<a href=\"https:\/\/www.r2ie.org\/index.php\/2024\/12\/10\/appel-a-communication-le-jeu-au-prisme-de-lintelligence-economique\/\">Appel \u00e0 communication : Le jeu au prisme de l\u2019intelligence \u00e9conomique<\/a>\r\n\t\t<\/h2>\r\n\r\n\t\t\t\t\t<div class=\"bdp-post-meta\">\r\n\t\t\t\t\t\t\t\t<span class=\"bdp-post-meta-innr bdp-time\"> 10 d\u00e9cembre 2024 <\/span>\r\n\t\t\t\t\t\t\t<\/div>\r\n\t\t\t\t<div class=\"bdp-post-content\">\r\n\t\t\t<div class=\"bdp-post-short-content\">Coordinateurs : Julian Alvarez, Lucile Desmoulins et St\u00e9phane Goria L\u2019intelligence \u00e9conomique (IE) est \u00e0 la fois un secteur d\u2019activit\u00e9s et...<\/div>\r\n\t\t\t\t\t\t<a href=\"https:\/\/www.r2ie.org\/index.php\/2024\/12\/10\/appel-a-communication-le-jeu-au-prisme-de-lintelligence-economique\/\" class=\"bdp-readmorebtn\">Lire la suite<\/a>\r\n\t\t\t\t\t<\/div>\r\n\t\t\t<\/div>\r\n<\/div><div class=\"bdp-post-carousel-slide\">\r\n\t<div class=\"bdp-post-carousel-content bdp-no-thumb-image\">\r\n\t\t\r\n\t\t<h2 class=\"bdp-post-title\">\r\n\t\t\t<a href=\"https:\/\/www.r2ie.org\/index.php\/2024\/12\/10\/call-for-papers-games-and-play-through-the-prism-of-economic-intelligence\/\">Call for papers: Games and play through the prism of economic intelligence<\/a>\r\n\t\t<\/h2>\r\n\r\n\t\t\t\t\t<div class=\"bdp-post-meta\">\r\n\t\t\t\t\t\t\t\t<span class=\"bdp-post-meta-innr bdp-time\"> 10 d\u00e9cembre 2024 <\/span>\r\n\t\t\t\t\t\t\t<\/div>\r\n\t\t\t\t<div class=\"bdp-post-content\">\r\n\t\t\t<div class=\"bdp-post-short-content\">Coordinators : Julian Alvarez, Lucile Desmoulins et St\u00e9phane Goria The French concept of \u201cintelligence \u00e9conomique\u201d, i.e. economic intelligence (EI), which...<\/div>\r\n\t\t\t\t\t\t<a href=\"https:\/\/www.r2ie.org\/index.php\/2024\/12\/10\/call-for-papers-games-and-play-through-the-prism-of-economic-intelligence\/\" class=\"bdp-readmorebtn\">Lire la suite<\/a>\r\n\t\t\t\t\t<\/div>\r\n\t\t\t<\/div>\r\n<\/div><div class=\"bdp-post-carousel-slide\">\r\n\t<div class=\"bdp-post-carousel-content bdp-no-thumb-image\">\r\n\t\t\r\n\t\t<h2 class=\"bdp-post-title\">\r\n\t\t\t<a href=\"https:\/\/www.r2ie.org\/index.php\/2024\/11\/16\/intelligences-strategiques-internationales\/\">Intelligences strat\u00e9giques internationales\u00a0<\/a>\r\n\t\t<\/h2>\r\n\r\n\t\t\t\t\t<div class=\"bdp-post-meta\">\r\n\t\t\t\t\t\t\t\t<span class=\"bdp-post-meta-innr bdp-time\"> 16 novembre 2024 <\/span>\r\n\t\t\t\t\t\t\t<\/div>\r\n\t\t\t\t<div class=\"bdp-post-content\">\r\n\t\t\t<div class=\"bdp-post-short-content\">Un num\u00e9ro dirig\u00e9 par :Sophie NIVOIX, Professeure en Sciences de Gestion, Laboratoire CEREGE UR 13564, Universit\u00e9 de PoitiersNawal DAFFEUR, Ma\u00eetresse...<\/div>\r\n\t\t\t\t\t\t<a href=\"https:\/\/www.r2ie.org\/index.php\/2024\/11\/16\/intelligences-strategiques-internationales\/\" class=\"bdp-readmorebtn\">Lire la suite<\/a>\r\n\t\t\t\t\t<\/div>\r\n\t\t\t<\/div>\r\n<\/div><div class=\"bdp-post-carousel-slide\">\r\n\t<div class=\"bdp-post-carousel-content bdp-no-thumb-image\">\r\n\t\t\r\n\t\t<h2 class=\"bdp-post-title\">\r\n\t\t\t<a href=\"https:\/\/www.r2ie.org\/index.php\/2023\/01\/22\/lintelligence-economique-en-afriques\/\">L\u2019intelligence \u00e9conomique en Afrique(s)<\/a>\r\n\t\t<\/h2>\r\n\r\n\t\t\t\t\t<div class=\"bdp-post-meta\">\r\n\t\t\t\t\t\t\t\t<span class=\"bdp-post-meta-innr bdp-time\"> 22 janvier 2023 <\/span>\r\n\t\t\t\t\t\t\t<\/div>\r\n\t\t\t\t<div class=\"bdp-post-content\">\r\n\t\t\t<div class=\"bdp-post-short-content\">Soumission des r\u00e9sum\u00e9s avant le : 06\/01\/2023\u00a0Christian Marcon, Mohammed SqalliContexte et objectifsLe continent africain est souvent qualifi\u00e9 de r\u00e9servoir de...<\/div>\r\n\t\t\t\t\t\t<a href=\"https:\/\/www.r2ie.org\/index.php\/2023\/01\/22\/lintelligence-economique-en-afriques\/\" class=\"bdp-readmorebtn\">Lire la suite<\/a>\r\n\t\t\t\t\t<\/div>\r\n\t\t\t<\/div>\r\n<\/div><div class=\"bdp-post-carousel-slide\">\r\n\t<div class=\"bdp-post-carousel-content bdp-no-thumb-image\">\r\n\t\t\r\n\t\t<h2 class=\"bdp-post-title\">\r\n\t\t\t<a href=\"https:\/\/www.r2ie.org\/index.php\/2023\/01\/22\/jeunes-pousses\/\">Jeunes pousses<\/a>\r\n\t\t<\/h2>\r\n\r\n\t\t\t\t\t<div class=\"bdp-post-meta\">\r\n\t\t\t\t\t\t\t\t<span class=\"bdp-post-meta-innr bdp-time\"> 22 janvier 2023 <\/span>\r\n\t\t\t\t\t\t\t<\/div>\r\n\t\t\t\t<div class=\"bdp-post-content\">\r\n\t\t\t<div class=\"bdp-post-short-content\">Christian Marcon, Nicolas MoinetLa direction de la R2IE a constat\u00e9 que, chaque ann\u00e9e, des m\u00e9moires d\u2019initiation \u00e0 la recherche sont...<\/div>\r\n\t\t\t\t\t\t<a href=\"https:\/\/www.r2ie.org\/index.php\/2023\/01\/22\/jeunes-pousses\/\" class=\"bdp-readmorebtn\">Lire la suite<\/a>\r\n\t\t\t\t\t<\/div>\r\n\t\t\t<\/div>\r\n<\/div><div class=\"bdp-post-carousel-slide\">\r\n\t<div class=\"bdp-post-carousel-content bdp-no-thumb-image\">\r\n\t\t\r\n\t\t<h2 class=\"bdp-post-title\">\r\n\t\t\t<a href=\"https:\/\/www.r2ie.org\/index.php\/2023\/01\/22\/varia\/\">Varia<\/a>\r\n\t\t<\/h2>\r\n\r\n\t\t\t\t\t<div class=\"bdp-post-meta\">\r\n\t\t\t\t\t\t\t\t<span class=\"bdp-post-meta-innr bdp-time\"> 22 janvier 2023 <\/span>\r\n\t\t\t\t\t\t\t<\/div>\r\n\t\t\t\t<div class=\"bdp-post-content\">\r\n\t\t\t<div class=\"bdp-post-short-content\">Audrey Knauf, Olivier Coussi Cet appel \u00e0 contribution varia permet de soumettre des articles \u00e0 la R2IE au fil de...<\/div>\r\n\t\t\t\t\t\t<a href=\"https:\/\/www.r2ie.org\/index.php\/2023\/01\/22\/varia\/\" class=\"bdp-readmorebtn\">Lire la suite<\/a>\r\n\t\t\t\t\t<\/div>\r\n\t\t\t<\/div>\r\n<\/div>\t\t<\/div>\r\n\t\t<div class=\"bdp-slider-conf\">{&quot;slide_show&quot;:3,&quot;slide_scroll&quot;:1,&quot;dots&quot;:&quot;true&quot;,&quot;arrows&quot;:&quot;true&quot;,&quot;autoplay&quot;:&quot;true&quot;,&quot;autoplay_interval&quot;:3000,&quot;speed&quot;:600,&quot;loop&quot;:&quot;true&quot;,&quot;design&quot;:&quot;design-1&quot;}<\/div>\r\n\t<\/div>\r\n\r\n\t<br \/>\n<a href=\"https:\/\/r2ie.numerev.com\/appels-a-contribution\" target=\"_blank\" role=\"button\" rel=\"noopener\"><br \/>\nVoir tous les appels \u00e0 contribution<br \/>\n<\/a><\/p>\n","protected":false},"excerpt":{"rendered":"<p>Appels \u00e0 contribution Voir tous les appels \u00e0 contribution<\/p>\n","protected":false},"author":2,"featured_media":0,"parent":0,"menu_order":0,"comment_status":"closed","ping_status":"closed","template":"","meta":{"_kad_post_transparent":"","_kad_post_title":"hide","_kad_post_layout":"fullwidth","_kad_post_sidebar_id":"","_kad_post_content_style":"unboxed","_kad_post_vertical_padding":"hide","_kad_post_feature":"hide","_kad_post_feature_position":"","_kad_post_header":false,"_kad_post_footer":false,"footnotes":""},"class_list":["post-1537","page","type-page","status-publish","hentry"],"yoast_head":"<!-- This site is optimized with the Yoast SEO plugin v27.1.1 - https:\/\/yoast.com\/product\/yoast-seo-wordpress\/ -->\n<title>Appels \u00e0 contribution - Revue Internationale d&#039;Intelligence Economique<\/title>\n<meta name=\"robots\" content=\"index, follow, max-snippet:-1, max-image-preview:large, max-video-preview:-1\" \/>\n<link rel=\"canonical\" href=\"https:\/\/www.r2ie.org\/index.php\/appels-a-contribution\/\" \/>\n<meta property=\"og:locale\" content=\"fr_FR\" \/>\n<meta property=\"og:type\" content=\"article\" \/>\n<meta property=\"og:title\" content=\"Appels \u00e0 contribution - Revue Internationale d&#039;Intelligence Economique\" \/>\n<meta property=\"og:description\" content=\"Appels \u00e0 contribution Voir tous les appels \u00e0 contribution\" \/>\n<meta property=\"og:url\" content=\"https:\/\/www.r2ie.org\/index.php\/appels-a-contribution\/\" \/>\n<meta property=\"og:site_name\" content=\"Revue Internationale d&#039;Intelligence Economique\" \/>\n<meta property=\"article:modified_time\" content=\"2023-03-01T10:59:13+00:00\" \/>\n<meta name=\"twitter:card\" content=\"summary_large_image\" \/>\n<meta name=\"twitter:label1\" content=\"Dur\u00e9e de lecture estim\u00e9e\" \/>\n\t<meta name=\"twitter:data1\" content=\"1 minute\" \/>\n<script type=\"application\/ld+json\" class=\"yoast-schema-graph\">{\"@context\":\"https:\/\/schema.org\",\"@graph\":[{\"@type\":\"WebPage\",\"@id\":\"https:\/\/www.r2ie.org\/index.php\/appels-a-contribution\/\",\"url\":\"https:\/\/www.r2ie.org\/index.php\/appels-a-contribution\/\",\"name\":\"Appels \u00e0 contribution - Revue Internationale d&#039;Intelligence Economique\",\"isPartOf\":{\"@id\":\"https:\/\/www.r2ie.org\/#website\"},\"datePublished\":\"2023-01-21T11:39:31+00:00\",\"dateModified\":\"2023-03-01T10:59:13+00:00\",\"breadcrumb\":{\"@id\":\"https:\/\/www.r2ie.org\/index.php\/appels-a-contribution\/#breadcrumb\"},\"inLanguage\":\"fr-FR\",\"potentialAction\":[{\"@type\":\"ReadAction\",\"target\":[\"https:\/\/www.r2ie.org\/index.php\/appels-a-contribution\/\"]}]},{\"@type\":\"BreadcrumbList\",\"@id\":\"https:\/\/www.r2ie.org\/index.php\/appels-a-contribution\/#breadcrumb\",\"itemListElement\":[{\"@type\":\"ListItem\",\"position\":1,\"name\":\"Accueil\",\"item\":\"https:\/\/www.r2ie.org\/\"},{\"@type\":\"ListItem\",\"position\":2,\"name\":\"Appels \u00e0 contribution\"}]},{\"@type\":\"WebSite\",\"@id\":\"https:\/\/www.r2ie.org\/#website\",\"url\":\"https:\/\/www.r2ie.org\/\",\"name\":\"Revue Internationale d&#039;Intelligence Economique\",\"description\":\"\",\"publisher\":{\"@id\":\"https:\/\/www.r2ie.org\/#organization\"},\"potentialAction\":[{\"@type\":\"SearchAction\",\"target\":{\"@type\":\"EntryPoint\",\"urlTemplate\":\"https:\/\/www.r2ie.org\/?s={search_term_string}\"},\"query-input\":{\"@type\":\"PropertyValueSpecification\",\"valueRequired\":true,\"valueName\":\"search_term_string\"}}],\"inLanguage\":\"fr-FR\"},{\"@type\":\"Organization\",\"@id\":\"https:\/\/www.r2ie.org\/#organization\",\"name\":\"Revue Internationale d&#039;Intelligence Economique\",\"url\":\"https:\/\/www.r2ie.org\/\",\"logo\":{\"@type\":\"ImageObject\",\"inLanguage\":\"fr-FR\",\"@id\":\"https:\/\/www.r2ie.org\/#\/schema\/logo\/image\/\",\"url\":\"https:\/\/www.r2ie.org\/wp-content\/uploads\/2023\/01\/cropped-cropped-logo-r2ie-dc3a9gradc3a9.webp\",\"contentUrl\":\"https:\/\/www.r2ie.org\/wp-content\/uploads\/2023\/01\/cropped-cropped-logo-r2ie-dc3a9gradc3a9.webp\",\"width\":654,\"height\":251,\"caption\":\"Revue Internationale d&#039;Intelligence Economique\"},\"image\":{\"@id\":\"https:\/\/www.r2ie.org\/#\/schema\/logo\/image\/\"}}]}<\/script>\n<!-- \/ Yoast SEO plugin. -->","yoast_head_json":{"title":"Appels \u00e0 contribution - Revue Internationale d&#039;Intelligence Economique","robots":{"index":"index","follow":"follow","max-snippet":"max-snippet:-1","max-image-preview":"max-image-preview:large","max-video-preview":"max-video-preview:-1"},"canonical":"https:\/\/www.r2ie.org\/index.php\/appels-a-contribution\/","og_locale":"fr_FR","og_type":"article","og_title":"Appels \u00e0 contribution - Revue Internationale d&#039;Intelligence Economique","og_description":"Appels \u00e0 contribution Voir tous les appels \u00e0 contribution","og_url":"https:\/\/www.r2ie.org\/index.php\/appels-a-contribution\/","og_site_name":"Revue Internationale d&#039;Intelligence Economique","article_modified_time":"2023-03-01T10:59:13+00:00","twitter_card":"summary_large_image","twitter_misc":{"Dur\u00e9e de lecture estim\u00e9e":"1 minute"},"schema":{"@context":"https:\/\/schema.org","@graph":[{"@type":"WebPage","@id":"https:\/\/www.r2ie.org\/index.php\/appels-a-contribution\/","url":"https:\/\/www.r2ie.org\/index.php\/appels-a-contribution\/","name":"Appels \u00e0 contribution - Revue Internationale d&#039;Intelligence Economique","isPartOf":{"@id":"https:\/\/www.r2ie.org\/#website"},"datePublished":"2023-01-21T11:39:31+00:00","dateModified":"2023-03-01T10:59:13+00:00","breadcrumb":{"@id":"https:\/\/www.r2ie.org\/index.php\/appels-a-contribution\/#breadcrumb"},"inLanguage":"fr-FR","potentialAction":[{"@type":"ReadAction","target":["https:\/\/www.r2ie.org\/index.php\/appels-a-contribution\/"]}]},{"@type":"BreadcrumbList","@id":"https:\/\/www.r2ie.org\/index.php\/appels-a-contribution\/#breadcrumb","itemListElement":[{"@type":"ListItem","position":1,"name":"Accueil","item":"https:\/\/www.r2ie.org\/"},{"@type":"ListItem","position":2,"name":"Appels \u00e0 contribution"}]},{"@type":"WebSite","@id":"https:\/\/www.r2ie.org\/#website","url":"https:\/\/www.r2ie.org\/","name":"Revue Internationale d&#039;Intelligence Economique","description":"","publisher":{"@id":"https:\/\/www.r2ie.org\/#organization"},"potentialAction":[{"@type":"SearchAction","target":{"@type":"EntryPoint","urlTemplate":"https:\/\/www.r2ie.org\/?s={search_term_string}"},"query-input":{"@type":"PropertyValueSpecification","valueRequired":true,"valueName":"search_term_string"}}],"inLanguage":"fr-FR"},{"@type":"Organization","@id":"https:\/\/www.r2ie.org\/#organization","name":"Revue Internationale d&#039;Intelligence Economique","url":"https:\/\/www.r2ie.org\/","logo":{"@type":"ImageObject","inLanguage":"fr-FR","@id":"https:\/\/www.r2ie.org\/#\/schema\/logo\/image\/","url":"https:\/\/www.r2ie.org\/wp-content\/uploads\/2023\/01\/cropped-cropped-logo-r2ie-dc3a9gradc3a9.webp","contentUrl":"https:\/\/www.r2ie.org\/wp-content\/uploads\/2023\/01\/cropped-cropped-logo-r2ie-dc3a9gradc3a9.webp","width":654,"height":251,"caption":"Revue Internationale d&#039;Intelligence Economique"},"image":{"@id":"https:\/\/www.r2ie.org\/#\/schema\/logo\/image\/"}}]}},"_links":{"self":[{"href":"https:\/\/www.r2ie.org\/index.php\/wp-json\/wp\/v2\/pages\/1537","targetHints":{"allow":["GET"]}}],"collection":[{"href":"https:\/\/www.r2ie.org\/index.php\/wp-json\/wp\/v2\/pages"}],"about":[{"href":"https:\/\/www.r2ie.org\/index.php\/wp-json\/wp\/v2\/types\/page"}],"author":[{"embeddable":true,"href":"https:\/\/www.r2ie.org\/index.php\/wp-json\/wp\/v2\/users\/2"}],"replies":[{"embeddable":true,"href":"https:\/\/www.r2ie.org\/index.php\/wp-json\/wp\/v2\/comments?post=1537"}],"version-history":[{"count":39,"href":"https:\/\/www.r2ie.org\/index.php\/wp-json\/wp\/v2\/pages\/1537\/revisions"}],"predecessor-version":[{"id":2587,"href":"https:\/\/www.r2ie.org\/index.php\/wp-json\/wp\/v2\/pages\/1537\/revisions\/2587"}],"wp:attachment":[{"href":"https:\/\/www.r2ie.org\/index.php\/wp-json\/wp\/v2\/media?parent=1537"}],"curies":[{"name":"wp","href":"https:\/\/api.w.org\/{rel}","templated":true}]}}