{"id":122,"date":"2023-01-18T12:31:42","date_gmt":"2023-01-18T11:31:42","guid":{"rendered":"http:\/\/iypxhnp.cluster029.hosting.ovh.net\/?page_id=122"},"modified":"2023-01-19T13:15:12","modified_gmt":"2023-01-19T12:15:12","slug":"mentions-legales","status":"publish","type":"page","link":"https:\/\/www.r2ie.org\/index.php\/mentions-legales\/","title":{"rendered":"Mentions l\u00e9gales"},"content":{"rendered":"\n<p>Ce site est la propri\u00e9t\u00e9 de la <strong>Revue Internationale Intelligence Economique<\/strong> (R2IE) figurant au nombre des revues reconnues par les sciences de l\u2019information et la communication [Liste CNU71-SFSIC-CPdirsic].<\/p>\n\n\n\n<p><strong>COORDINATION<\/strong><\/p>\n\n\n\n<p><strong>Directeur : Christian Marcon<\/strong>, Professeur des universit\u00e9s en sciences de l\u2019information et de la communication, IAE \u2013 Universit\u00e9\u0301 de Poitiers<\/p>\n\n\n\n<p>P\u00e9riodicit\u00e9 :\u00a0<strong>2 n<sup>os<\/sup>\u00a0par an<\/strong><br>ISSN :\u00a0<strong>2101-647X<\/strong><br>ISSN en ligne :\u00a0<strong>2102-6408<\/strong><br>\u00c9diteur :\u00a0<a rel=\"noreferrer noopener\" href=\"https:\/\/www-cairn-info.ressources.univ-poitiers.fr\/editeur.php?ID_EDITEUR=VAPR\" target=\"_blank\"><strong>VA Press \u00c9ditions<\/strong><\/a><\/p>\n","protected":false},"excerpt":{"rendered":"<p>Ce site est la propri\u00e9t\u00e9 de la Revue Internationale Intelligence Economique (R2IE) figurant au nombre des revues reconnues par les sciences de l\u2019information et la communication [Liste CNU71-SFSIC-CPdirsic]. COORDINATION Directeur : Christian Marcon, Professeur des universit\u00e9s en sciences de l\u2019information et de la communication, IAE \u2013 Universit\u00e9\u0301 de Poitiers P\u00e9riodicit\u00e9 :\u00a02 nos\u00a0par anISSN :\u00a02101-647XISSN en&#8230;<\/p>\n","protected":false},"author":2,"featured_media":0,"parent":0,"menu_order":0,"comment_status":"closed","ping_status":"closed","template":"","meta":{"_kad_post_transparent":"","_kad_post_title":"","_kad_post_layout":"","_kad_post_sidebar_id":"","_kad_post_content_style":"","_kad_post_vertical_padding":"","_kad_post_feature":"","_kad_post_feature_position":"","_kad_post_header":false,"_kad_post_footer":false,"footnotes":""},"class_list":["post-122","page","type-page","status-publish","hentry"],"yoast_head":"<!-- This site is optimized with the Yoast SEO plugin v27.1.1 - https:\/\/yoast.com\/product\/yoast-seo-wordpress\/ -->\n<title>Mentions l\u00e9gales - Revue Internationale d&#039;Intelligence Economique<\/title>\n<meta name=\"robots\" content=\"index, follow, max-snippet:-1, max-image-preview:large, max-video-preview:-1\" \/>\n<link rel=\"canonical\" href=\"https:\/\/www.r2ie.org\/index.php\/mentions-legales\/\" \/>\n<meta property=\"og:locale\" content=\"fr_FR\" \/>\n<meta property=\"og:type\" content=\"article\" \/>\n<meta property=\"og:title\" content=\"Mentions l\u00e9gales - Revue Internationale d&#039;Intelligence Economique\" \/>\n<meta property=\"og:description\" content=\"Ce site est la propri\u00e9t\u00e9 de la Revue Internationale Intelligence Economique (R2IE) figurant au nombre des revues reconnues par les sciences de l\u2019information et la communication [Liste CNU71-SFSIC-CPdirsic]. COORDINATION Directeur : Christian Marcon, Professeur des universit\u00e9s en sciences de l\u2019information et de la communication, IAE \u2013 Universit\u00e9\u0301 de Poitiers P\u00e9riodicit\u00e9 :\u00a02 nos\u00a0par anISSN :\u00a02101-647XISSN en...\" \/>\n<meta property=\"og:url\" content=\"https:\/\/www.r2ie.org\/index.php\/mentions-legales\/\" \/>\n<meta property=\"og:site_name\" content=\"Revue Internationale d&#039;Intelligence Economique\" \/>\n<meta property=\"article:modified_time\" content=\"2023-01-19T12:15:12+00:00\" \/>\n<meta name=\"twitter:card\" content=\"summary_large_image\" \/>\n<script type=\"application\/ld+json\" class=\"yoast-schema-graph\">{\"@context\":\"https:\/\/schema.org\",\"@graph\":[{\"@type\":\"WebPage\",\"@id\":\"https:\/\/www.r2ie.org\/index.php\/mentions-legales\/\",\"url\":\"https:\/\/www.r2ie.org\/index.php\/mentions-legales\/\",\"name\":\"Mentions l\u00e9gales - Revue Internationale d&#039;Intelligence Economique\",\"isPartOf\":{\"@id\":\"https:\/\/www.r2ie.org\/#website\"},\"datePublished\":\"2023-01-18T11:31:42+00:00\",\"dateModified\":\"2023-01-19T12:15:12+00:00\",\"breadcrumb\":{\"@id\":\"https:\/\/www.r2ie.org\/index.php\/mentions-legales\/#breadcrumb\"},\"inLanguage\":\"fr-FR\",\"potentialAction\":[{\"@type\":\"ReadAction\",\"target\":[\"https:\/\/www.r2ie.org\/index.php\/mentions-legales\/\"]}]},{\"@type\":\"BreadcrumbList\",\"@id\":\"https:\/\/www.r2ie.org\/index.php\/mentions-legales\/#breadcrumb\",\"itemListElement\":[{\"@type\":\"ListItem\",\"position\":1,\"name\":\"Accueil\",\"item\":\"https:\/\/www.r2ie.org\/\"},{\"@type\":\"ListItem\",\"position\":2,\"name\":\"Mentions l\u00e9gales\"}]},{\"@type\":\"WebSite\",\"@id\":\"https:\/\/www.r2ie.org\/#website\",\"url\":\"https:\/\/www.r2ie.org\/\",\"name\":\"Revue Internationale d&#039;Intelligence Economique\",\"description\":\"\",\"publisher\":{\"@id\":\"https:\/\/www.r2ie.org\/#organization\"},\"potentialAction\":[{\"@type\":\"SearchAction\",\"target\":{\"@type\":\"EntryPoint\",\"urlTemplate\":\"https:\/\/www.r2ie.org\/?s={search_term_string}\"},\"query-input\":{\"@type\":\"PropertyValueSpecification\",\"valueRequired\":true,\"valueName\":\"search_term_string\"}}],\"inLanguage\":\"fr-FR\"},{\"@type\":\"Organization\",\"@id\":\"https:\/\/www.r2ie.org\/#organization\",\"name\":\"Revue Internationale d&#039;Intelligence Economique\",\"url\":\"https:\/\/www.r2ie.org\/\",\"logo\":{\"@type\":\"ImageObject\",\"inLanguage\":\"fr-FR\",\"@id\":\"https:\/\/www.r2ie.org\/#\/schema\/logo\/image\/\",\"url\":\"https:\/\/www.r2ie.org\/wp-content\/uploads\/2023\/01\/cropped-cropped-logo-r2ie-dc3a9gradc3a9.webp\",\"contentUrl\":\"https:\/\/www.r2ie.org\/wp-content\/uploads\/2023\/01\/cropped-cropped-logo-r2ie-dc3a9gradc3a9.webp\",\"width\":654,\"height\":251,\"caption\":\"Revue Internationale d&#039;Intelligence Economique\"},\"image\":{\"@id\":\"https:\/\/www.r2ie.org\/#\/schema\/logo\/image\/\"}}]}<\/script>\n<!-- \/ Yoast SEO plugin. -->","yoast_head_json":{"title":"Mentions l\u00e9gales - Revue Internationale d&#039;Intelligence Economique","robots":{"index":"index","follow":"follow","max-snippet":"max-snippet:-1","max-image-preview":"max-image-preview:large","max-video-preview":"max-video-preview:-1"},"canonical":"https:\/\/www.r2ie.org\/index.php\/mentions-legales\/","og_locale":"fr_FR","og_type":"article","og_title":"Mentions l\u00e9gales - Revue Internationale d&#039;Intelligence Economique","og_description":"Ce site est la propri\u00e9t\u00e9 de la Revue Internationale Intelligence Economique (R2IE) figurant au nombre des revues reconnues par les sciences de l\u2019information et la communication [Liste CNU71-SFSIC-CPdirsic]. COORDINATION Directeur : Christian Marcon, Professeur des universit\u00e9s en sciences de l\u2019information et de la communication, IAE \u2013 Universit\u00e9\u0301 de Poitiers P\u00e9riodicit\u00e9 :\u00a02 nos\u00a0par anISSN :\u00a02101-647XISSN en...","og_url":"https:\/\/www.r2ie.org\/index.php\/mentions-legales\/","og_site_name":"Revue Internationale d&#039;Intelligence Economique","article_modified_time":"2023-01-19T12:15:12+00:00","twitter_card":"summary_large_image","schema":{"@context":"https:\/\/schema.org","@graph":[{"@type":"WebPage","@id":"https:\/\/www.r2ie.org\/index.php\/mentions-legales\/","url":"https:\/\/www.r2ie.org\/index.php\/mentions-legales\/","name":"Mentions l\u00e9gales - Revue Internationale d&#039;Intelligence Economique","isPartOf":{"@id":"https:\/\/www.r2ie.org\/#website"},"datePublished":"2023-01-18T11:31:42+00:00","dateModified":"2023-01-19T12:15:12+00:00","breadcrumb":{"@id":"https:\/\/www.r2ie.org\/index.php\/mentions-legales\/#breadcrumb"},"inLanguage":"fr-FR","potentialAction":[{"@type":"ReadAction","target":["https:\/\/www.r2ie.org\/index.php\/mentions-legales\/"]}]},{"@type":"BreadcrumbList","@id":"https:\/\/www.r2ie.org\/index.php\/mentions-legales\/#breadcrumb","itemListElement":[{"@type":"ListItem","position":1,"name":"Accueil","item":"https:\/\/www.r2ie.org\/"},{"@type":"ListItem","position":2,"name":"Mentions l\u00e9gales"}]},{"@type":"WebSite","@id":"https:\/\/www.r2ie.org\/#website","url":"https:\/\/www.r2ie.org\/","name":"Revue Internationale d&#039;Intelligence Economique","description":"","publisher":{"@id":"https:\/\/www.r2ie.org\/#organization"},"potentialAction":[{"@type":"SearchAction","target":{"@type":"EntryPoint","urlTemplate":"https:\/\/www.r2ie.org\/?s={search_term_string}"},"query-input":{"@type":"PropertyValueSpecification","valueRequired":true,"valueName":"search_term_string"}}],"inLanguage":"fr-FR"},{"@type":"Organization","@id":"https:\/\/www.r2ie.org\/#organization","name":"Revue Internationale d&#039;Intelligence Economique","url":"https:\/\/www.r2ie.org\/","logo":{"@type":"ImageObject","inLanguage":"fr-FR","@id":"https:\/\/www.r2ie.org\/#\/schema\/logo\/image\/","url":"https:\/\/www.r2ie.org\/wp-content\/uploads\/2023\/01\/cropped-cropped-logo-r2ie-dc3a9gradc3a9.webp","contentUrl":"https:\/\/www.r2ie.org\/wp-content\/uploads\/2023\/01\/cropped-cropped-logo-r2ie-dc3a9gradc3a9.webp","width":654,"height":251,"caption":"Revue Internationale d&#039;Intelligence Economique"},"image":{"@id":"https:\/\/www.r2ie.org\/#\/schema\/logo\/image\/"}}]}},"_links":{"self":[{"href":"https:\/\/www.r2ie.org\/index.php\/wp-json\/wp\/v2\/pages\/122","targetHints":{"allow":["GET"]}}],"collection":[{"href":"https:\/\/www.r2ie.org\/index.php\/wp-json\/wp\/v2\/pages"}],"about":[{"href":"https:\/\/www.r2ie.org\/index.php\/wp-json\/wp\/v2\/types\/page"}],"author":[{"embeddable":true,"href":"https:\/\/www.r2ie.org\/index.php\/wp-json\/wp\/v2\/users\/2"}],"replies":[{"embeddable":true,"href":"https:\/\/www.r2ie.org\/index.php\/wp-json\/wp\/v2\/comments?post=122"}],"version-history":[{"count":3,"href":"https:\/\/www.r2ie.org\/index.php\/wp-json\/wp\/v2\/pages\/122\/revisions"}],"predecessor-version":[{"id":342,"href":"https:\/\/www.r2ie.org\/index.php\/wp-json\/wp\/v2\/pages\/122\/revisions\/342"}],"wp:attachment":[{"href":"https:\/\/www.r2ie.org\/index.php\/wp-json\/wp\/v2\/media?parent=122"}],"curies":[{"name":"wp","href":"https:\/\/api.w.org\/{rel}","templated":true}]}}